{"id":9,"date":"2025-10-07T06:33:36","date_gmt":"2025-10-07T06:33:36","guid":{"rendered":"https:\/\/demo.gmaxagency.com\/ricky\/?page_id=9"},"modified":"2025-10-28T09:06:46","modified_gmt":"2025-10-28T09:06:46","slug":"gioi-thieu","status":"publish","type":"page","link":"https:\/\/demo.gmaxagency.com\/ricky\/gioi-thieu\/","title":{"rendered":"Gi\u1edbi thi\u1ec7u"},"content":{"rendered":"\n\t<section class=\"section sec-bg-shadow dark\" id=\"section_1060301999\">\n\t\t<div class=\"section-bg fill\" >\n\t\t\t<img loading=\"lazy\" decoding=\"async\" width=\"2560\" height=\"1298\" src=\"https:\/\/demo.gmaxagency.com\/ricky\/wp-content\/uploads\/2025\/10\/Hero-anh-nen-section-nghi-cuoi-trang-Ve-Chung-Toi-scaled.webp\" class=\"bg attachment-original size-original\" alt=\"\" \/>\t\t\t\t\t\t<div class=\"section-bg-overlay absolute fill\"><\/div>\n\t\t\t\n\n\t\t<\/div>\n\n\t\t\n\n\t\t<div class=\"section-content relative\">\n\t\t\t\n<div class=\"row\"  id=\"row-2056258781\">\n\n\t<div id=\"col-1141746979\" class=\"col small-12 large-12\"  >\n\t\t\t\t<div class=\"col-inner\"  >\n\t\t\t\n\t\t\t\n\t<div id=\"text-3934404988\" class=\"text\">\n\t\t\n<h2 class=\"uppercase font-2\">V\u1ec0 CH\u00daNG T\u00d4I<\/h2>\n\t\t\n<style>\n#text-3934404988 {\n  font-size: 2rem;\n  text-align: center;\n}\n<\/style>\n\t<\/div>\n\t\n\t<div id=\"gap-1064528880\" class=\"gap-element clearfix\" style=\"display:block; height:auto;\">\n\t\t\n<style>\n#gap-1064528880 {\n  padding-top: 0px;\n}\n@media (min-width:550px) {\n  #gap-1064528880 {\n    padding-top: 100px;\n  }\n}\n<\/style>\n\t<\/div>\n\t\n\t\t<\/div>\n\t\t\t\t\t<\/div>\n\n\t\n<\/div>\n\t\t<\/div>\n\n\t\t\n<style>\n#section_1060301999 {\n  padding-top: 50px;\n  padding-bottom: 50px;\n  background-color: rgb(0,0,0);\n}\n#section_1060301999 .section-bg-overlay {\n  background-color: rgba(0, 0, 0, 0.169);\n}\n@media (min-width:550px) {\n  #section_1060301999 {\n    padding-top: 110px;\n    padding-bottom: 110px;\n  }\n}\n<\/style>\n\t<\/section>\n\t\n\n\t<section class=\"section is-full-height\" id=\"section_1865678892\">\n\t\t<div class=\"section-bg fill\" >\n\t\t\t<img loading=\"lazy\" decoding=\"async\" width=\"1920\" height=\"1080\" src=\"https:\/\/demo.gmaxagency.com\/ricky\/wp-content\/uploads\/2025\/10\/banner-1-1.webp\" class=\"bg attachment-original size-original\" alt=\"\" \/>\t\t\t\t\t\t<div class=\"section-bg-overlay absolute fill\"><\/div>\n\t\t\t\n\n\t\t<\/div>\n\n\t\t\n\n\t\t<div class=\"section-content relative\">\n\t\t\t\n<div class=\"row\"  id=\"row-403200481\">\n\n\t<div id=\"col-1126212205\" class=\"col hide-for-small medium-5 small-12 large-5\"  >\n\t\t\t\t<div class=\"col-inner\"  >\n\t\t\t\n\t\t\t\n\t\t<\/div>\n\t\t\t\t\t<\/div>\n\n\t\n\n\t<div id=\"col-768330545\" class=\"col medium-7 small-12 large-7\"  >\n\t\t\t\t<div class=\"col-inner\"  >\n\t\t\t\n\t\t\t\n\t<div id=\"text-2484926881\" class=\"text content-section-1\">\n\t\t\n<h2><span style=\"color: #fadfa0;\">C\u00c2U CHUY\u1ec6N TH\u01af\u01a0NG HI\u1ec6U<\/span><\/h2>\n<p style=\"text-align: justify;\"><span style=\"font-size: 90%;\">The Ricky Distillery \u0111\u01b0\u1ee3c ra \u0111\u1eddi t\u1eeb kh\u00e1t v\u1ecdng \u0111\u01b0a tinh th\u1ea7n s\u00e1ng t\u1ea1o v\u00e0 b\u1ea3n s\u1eafc Vi\u1ec7t v\u00e0o t\u1eebng gi\u1ecdt r\u01b0\u1ee3u. Ch\u00fang t\u00f4i tin r\u1eb1ng m\u1ed9t s\u1ea3n ph\u1ea9m h\u1ea3o h\u1ea1ng kh\u00f4ng ch\u1ec9 \u0111\u1ebfn t\u1eeb c\u00f4ng th\u1ee9c m\u00e0 c\u00f2n l\u00e0 k\u1ebft tinh c\u1ee7a \u0111\u1ea5t \u2013 n\u01b0\u1edbc \u2013 con ng\u01b0\u1eddi v\u00e0 th\u1eddi gian.<\/span><\/p>\n\t\t\n<style>\n#text-2484926881 {\n  font-size: 1.25rem;\n  text-align: right;\n}\n<\/style>\n\t<\/div>\n\t\n\t<div id=\"text-449009843\" class=\"text content-section-1\">\n\t\t\n\t\t\n<style>\n#text-449009843 {\n  font-size: 1.25rem;\n  text-align: right;\n}\n<\/style>\n\t<\/div>\n\t\n\t\t<\/div>\n\t\t\t\t\t<\/div>\n\n\t\n<\/div>\n\t\t<\/div>\n\n\t\t\n<style>\n#section_1865678892 {\n  padding-top: 30px;\n  padding-bottom: 30px;\n  min-height: 100vh;\n}\n#section_1865678892 .section-bg-overlay {\n  background-color: rgba(0,0,0,.5);\n}\n<\/style>\n\t<\/section>\n\t\n\n\t<section class=\"section is-full-height\" id=\"section_892166751\">\n\t\t<div class=\"section-bg fill\" >\n\t\t\t<img loading=\"lazy\" decoding=\"async\" width=\"1920\" height=\"1080\" src=\"https:\/\/demo.gmaxagency.com\/ricky\/wp-content\/uploads\/2025\/10\/banner-2.webp\" class=\"bg attachment-original size-original\" alt=\"\" \/>\t\t\t\t\t\t<div class=\"section-bg-overlay absolute fill\"><\/div>\n\t\t\t\n\n\t\t<\/div>\n\n\t\t\n\n\t\t<div class=\"section-content relative\">\n\t\t\t\n<div class=\"row\"  id=\"row-160174367\">\n\n\t<div id=\"col-448684429\" class=\"col medium-7 small-12 large-7\"  >\n\t\t\t\t<div class=\"col-inner\"  >\n\t\t\t\n\t\t\t\n\t<div id=\"text-2278733673\" class=\"text content-section-2\">\n\t\t\n<h2><span style=\"color: #fadfa0;\">QUY TR\u00ccNH CH\u01afNG C\u1ea4T &amp; TH\u00d9NG \u1ee6 S\u1ed2I<\/span><\/h2>\n<p style=\"text-align: justify;\"><span style=\"font-size: 90%;\">Quy tr\u00ecnh s\u1ea3n xu\u1ea5t t\u1ea1i The Ricky Distillery \u0111\u01b0\u1ee3c thi\u1ebft k\u1ebf b\u1edfi s\u1ef1 h\u00e0i h\u00f2a gi\u1eefa khoa h\u1ecdc v\u00e0 th\u1ee7 c\u00f4ng truy\u1ec1n th\u1ed1ng.<\/span><\/p>\n<ul>\n<li style=\"text-align: justify;\"><span style=\"font-size: 90%;\">L\u00ean men nguy\u00ean li\u1ec7u b\u1eb1ng nguy\u00ean li\u1ec7u tuy\u1ec3n ch\u1ecdn, ki\u1ec3m so\u00e1t nhi\u1ec7t \u0111\u1ed9 v\u00e0 \u0111\u1ed9 pH \u0111\u1ec3 gi\u1eef tr\u1ecdn h\u01b0\u01a1ng v\u1ecb t\u1ef1 nhi\u00ean.<\/span><\/li>\n<li style=\"text-align: justify;\"><span style=\"font-size: 90%;\">Ch\u01b0ng c\u1ea5t l\u1ea7n 1 b\u1eb1ng thi\u1ebft b\u1ecb ch\u01b0ng c\u1ea5t ch\u00e2n kh\u00f4ng \u2013 lo\u1ea1i b\u1ecf t\u1ea1p ch\u1ea5t \u1edf nhi\u1ec7t \u0111\u1ed9 th\u1ea5p, b\u1ea3o to\u00e0n h\u1ee3p ch\u1ea5t th\u01a1m qu\u00fd gi\u00e1.<\/span><\/li>\n<li style=\"text-align: justify;\"><span style=\"font-size: 90%;\">Ch\u01b0ng c\u1ea5t l\u1ea7n 2 b\u1eb1ng th\u00e1p \u0111a t\u1ea7ng, tinh l\u1ecdc \u201ctr\u00e1i tim\u201d trong tr\u1ebbo, gi\u00fap r\u01b0\u1ee3u \u0111\u1ea1t c\u1ea5u tr\u00fac \u0111a t\u1ea7ng.<\/span><\/li>\n<li style=\"text-align: justify;\"><span style=\"font-size: 90%;\">\u1ed4n \u0111\u1ecbnh c\u1ea5u tr\u00fac: r\u01b0\u1ee3u \u0111\u01b0\u1ee3c \u0111\u1ec3 ngh\u1ec9 trong th\u1eddi gian th\u00edch h\u1ee3p, gi\u00fap c\u00e1c ph\u00e2n t\u1eed h\u01b0\u01a1ng h\u00f2a quy\u1ec7n, \u0111\u1ecbnh h\u00ecnh ph\u00f2ng c\u00e1ch<\/span><\/li>\n<\/ul>\n\t\t\n<style>\n#text-2278733673 {\n  font-size: 1.25rem;\n}\n<\/style>\n\t<\/div>\n\t\n\t\t<\/div>\n\t\t\t\t\t<\/div>\n\n\t\n\n\t<div id=\"col-864811325\" class=\"col hide-for-small medium-5 small-12 large-5\"  >\n\t\t\t\t<div class=\"col-inner\"  >\n\t\t\t\n\t\t\t\n\t\t<\/div>\n\t\t\t\t\t<\/div>\n\n\t\n<\/div>\n\t\t<\/div>\n\n\t\t\n<style>\n#section_892166751 {\n  padding-top: 30px;\n  padding-bottom: 30px;\n  min-height: 100vh;\n}\n#section_892166751 .section-bg-overlay {\n  background-color: rgba(0,0,0,.5);\n}\n<\/style>\n\t<\/section>\n\t\n\n\t<section class=\"section is-full-height\" id=\"section_226441935\">\n\t\t<div class=\"section-bg fill\" >\n\t\t\t<img loading=\"lazy\" decoding=\"async\" width=\"1920\" height=\"1080\" src=\"https:\/\/demo.gmaxagency.com\/ricky\/wp-content\/uploads\/2025\/10\/banner-3.webp\" class=\"bg attachment-original size-original\" alt=\"\" \/>\t\t\t\t\t\t<div class=\"section-bg-overlay absolute fill\"><\/div>\n\t\t\t\n\n\t\t<\/div>\n\n\t\t\n\n\t\t<div class=\"section-content relative\">\n\t\t\t\n<div class=\"row\"  id=\"row-158937846\">\n\n\t<div id=\"col-563531838\" class=\"col medium-7 small-12 large-7\"  >\n\t\t\t\t<div class=\"col-inner\"  >\n\t\t\t\n\t\t\t\n\t<div id=\"text-744177612\" class=\"text content-section-3\">\n\t\t\n<h2><span style=\"color: #fadfa0;\">QUY TR\u00ccNH CH\u01afNG C\u1ea4T &amp; TH\u00d9NG \u1ee6 S\u1ed2I<\/span><\/h2>\n<p style=\"text-align: justify;\"><span style=\"font-size: 90%;\">\u0110i\u1ec3m nh\u1ea5n l\u00e0m n\u00ean b\u1ea3n s\u1eafc c\u1ee7a The Ricky Distillery ch\u00ednh l\u00e0 nguy\u00ean li\u1ec7u b\u1ea3n \u0111\u1ecba \u0111\u01b0\u1ee3c tuy\u1ec3n ch\u1ecdn kh\u1eaft khe:<\/span><\/p>\n<ul style=\"text-align: justify;\">\n<li><span style=\"font-size: 90%;\">Khoai lang Nh\u1eadt \u0111\u01b0\u1ee3c tr\u1ed3ng t\u1eeb huy\u1ec7n Ph\u00fa Thi\u1ec7n Gia Lai, huy\u1ec7n Krong An \u0110\u1eafk L\u1eafk \u2013 h\u01b0\u01a1ng ng\u1ecdt t\u1ef1 nhi\u00ean, \u0111\u1eb7c tr\u01b0ng v\u00f9ng n\u00fai l\u1eeda Ch\u01b0 A Thai v\u00e0 ph\u00f9 sa t\u1eeb b\u1edd s\u00f4ng Krong Ana.<\/span><\/li>\n<li><span style=\"font-size: 90%;\">M\u1eadn h\u1eadu S\u01a1n La, t\u00e1o m\u00e8o T\u00e2y B\u1eafc, chanh d\u00e2y \u0110\u1eafk L\u1eafk, ch\u00f2i m\u00f2i T\u00e2y Nguy\u00ean \u2013 v\u1ecb chua thanh, ng\u1ecdt h\u1eadu.<\/span><\/li>\n<li><span style=\"font-size: 90%;\">H\u1ea1t c\u00e0 ph\u00ea Arabica &amp; Robusta \u2013 s\u01a1 ch\u1ebf honey ho\u1eb7c rang medium roast sau \u0111\u00f3 \u0111\u01b0\u1ee3c x\u1eed l\u00fd l\u00ean men Cold brew v\u00e0 \u1ee7 v\u1edbi c\u00e1c d\u00f2ng r\u01b0\u1ee3u c\u1ee7a The Ricky Distillery \u0111\u1ec3 h\u01b0\u01a1ng v\u1ecb tr\u00e1i c\u00e2y v\u1edbi nhi\u1ec1u t\u1ea7ng h\u01b0\u01a1ng \u0111a d\u1ea1ng v\u00e0 tinh t\u1ebf.<\/span><\/li>\n<\/ul>\n<p style=\"text-align: justify;\"><span style=\"font-size: 90%;\">M\u1ed7i nguy\u00ean li\u1ec7u \u0111\u1ec1u \u0111\u01b0\u1ee3c s\u01a1 ch\u1ebf theo chu\u1ea9n an to\u00e0n th\u1ef1c ph\u1ea9m, \u0111\u1ea3m b\u1ea3o gi\u1eef nguy\u00ean h\u01b0\u01a1ng v\u1ecb tr\u01b0\u1edbc khi b\u01b0\u1edbc v\u00e0o qu\u00e1 tr\u00ecnh l\u00ean men, ch\u01b0ng c\u1ea5t v\u00e0 \u1ee7.<\/span><\/p>\n\t\t\n<style>\n#text-744177612 {\n  font-size: 1.25rem;\n}\n<\/style>\n\t<\/div>\n\t\n\t\t<\/div>\n\t\t\t\t\t<\/div>\n\n\t\n\n\t<div id=\"col-460842161\" class=\"col hide-for-small medium-5 small-12 large-5\"  >\n\t\t\t\t<div class=\"col-inner\"  >\n\t\t\t\n\t\t\t\n\t\t<\/div>\n\t\t\t\t\t<\/div>\n\n\t\n<\/div>\n\t\t<\/div>\n\n\t\t\n<style>\n#section_226441935 {\n  padding-top: 30px;\n  padding-bottom: 30px;\n  min-height: 100vh;\n}\n#section_226441935 .section-bg-overlay {\n  background-color: rgba(0,0,0,.5);\n}\n<\/style>\n\t<\/section>\n\t\n\n\t<section class=\"section is-full-height\" id=\"section_1578317249\">\n\t\t<div class=\"section-bg fill\" >\n\t\t\t<img loading=\"lazy\" decoding=\"async\" width=\"1920\" height=\"1080\" src=\"https:\/\/demo.gmaxagency.com\/ricky\/wp-content\/uploads\/2025\/10\/banner-4.webp\" class=\"bg attachment-original size-original\" alt=\"\" \/>\t\t\t\t\t\t<div class=\"section-bg-overlay absolute fill\"><\/div>\n\t\t\t\n\n\t\t<\/div>\n\n\t\t\n\n\t\t<div class=\"section-content relative\">\n\t\t\t\n<div class=\"row\"  id=\"row-1991916613\">\n\n\t<div id=\"col-1422699993\" class=\"col hide-for-small medium-6 small-12 large-6\"  >\n\t\t\t\t<div class=\"col-inner\"  >\n\t\t\t\n\t\t\t\n\t\t<\/div>\n\t\t\t\t\t<\/div>\n\n\t\n\n\t<div id=\"col-1083498728\" class=\"col medium-6 small-12 large-6\"  >\n\t\t\t\t<div class=\"col-inner\"  >\n\t\t\t\n\t\t\t\n\t<div id=\"text-949588299\" class=\"text content-section-4\">\n\t\t\n<div id=\"text-2550427724\" class=\"text\">\n<h2 class=\"uppercase\" style=\"text-align: right;\"><span style=\"color: #fadfa0;\">L\u1edcI CAM K\u1ebeT CH\u1ea4T L\u01af\u1ee2NG<\/span><\/h2>\n<\/div>\n<p style=\"text-align: justify;\"><span style=\"font-size: 90%;\">Ch\u00fang t\u00f4i cam k\u1ebft:<\/span><\/p>\n<ul style=\"text-align: justify;\">\n<li><span style=\"font-size: 90%;\">S\u1ea3n ph\u1ea9m 100% nguy\u00ean li\u1ec7u th\u1eadt, kh\u00f4ng d\u00f9ng h\u01b0\u01a1ng li\u1ec7u t\u1ed5ng h\u1ee3p.<\/span><\/li>\n<li><span style=\"font-size: 90%;\">M\u1ed7i m\u1ebb \u0111\u1ec1u tr\u1ea3i qua ki\u1ec3m so\u00e1t nghi\u00eam ng\u1eb7t v\u1ec1 an to\u00e0n th\u1ef1c ph\u1ea9m, methanol, aldehyde v\u00e0 \u0111\u00e1nh gi\u00e1 c\u1ea3m quan.<\/span><\/li>\n<li><span style=\"font-size: 90%;\">Bao b\u00ec, tem nh\u00e3n minh b\u1ea1ch ngu\u1ed3n g\u1ed1c, tu\u00e2n th\u1ee7 ph\u00e1p lu\u1eadt.<\/span><\/li>\n<\/ul>\n<p style=\"text-align: justify;\"><span style=\"font-size: 90%;\">M\u1ed7i chai r\u01b0\u1ee3u \u1edf The Ricky Distillery kh\u00f4ng ch\u1ec9 l\u00e0 \u0111\u1ed3 u\u1ed1ng, m\u00e0 c\u00f2n l\u00e0 l\u1eddi tri \u00e2n g\u1eedi \u0111\u1ebfn v\u00f9ng \u0111\u1ea5t, con ng\u01b0\u1eddi v\u00e0 nh\u1eefng ai y\u00eau s\u1ef1 tinh t\u1ebf trong th\u1ebf gi\u1edbi r\u01b0\u1ee3u m\u1ea1nh.<\/span><\/p>\n\t\t\n<style>\n#text-949588299 {\n  font-size: 1.25rem;\n}\n<\/style>\n\t<\/div>\n\t\n\t\t<\/div>\n\t\t\t\t\t<\/div>\n\n\t\n<\/div>\n\t\t<\/div>\n\n\t\t\n<style>\n#section_1578317249 {\n  padding-top: 30px;\n  padding-bottom: 30px;\n  min-height: 100vh;\n}\n#section_1578317249 .section-bg-overlay {\n  background-color: rgba(0,0,0,.5);\n}\n<\/style>\n\t<\/section>\n\t\n","protected":false},"excerpt":{"rendered":"","protected":false},"author":1,"featured_media":0,"parent":0,"menu_order":0,"comment_status":"closed","ping_status":"closed","template":"page-blank.php","meta":{"footnotes":""},"class_list":["post-9","page","type-page","status-publish","hentry"],"_links":{"self":[{"href":"https:\/\/demo.gmaxagency.com\/ricky\/wp-json\/wp\/v2\/pages\/9","targetHints":{"allow":["GET"]}}],"collection":[{"href":"https:\/\/demo.gmaxagency.com\/ricky\/wp-json\/wp\/v2\/pages"}],"about":[{"href":"https:\/\/demo.gmaxagency.com\/ricky\/wp-json\/wp\/v2\/types\/page"}],"author":[{"embeddable":true,"href":"https:\/\/demo.gmaxagency.com\/ricky\/wp-json\/wp\/v2\/users\/1"}],"replies":[{"embeddable":true,"href":"https:\/\/demo.gmaxagency.com\/ricky\/wp-json\/wp\/v2\/comments?post=9"}],"version-history":[{"count":32,"href":"https:\/\/demo.gmaxagency.com\/ricky\/wp-json\/wp\/v2\/pages\/9\/revisions"}],"predecessor-version":[{"id":409,"href":"https:\/\/demo.gmaxagency.com\/ricky\/wp-json\/wp\/v2\/pages\/9\/revisions\/409"}],"wp:attachment":[{"href":"https:\/\/demo.gmaxagency.com\/ricky\/wp-json\/wp\/v2\/media?parent=9"}],"curies":[{"name":"wp","href":"https:\/\/api.w.org\/{rel}","templated":true}]}}