{"id":414,"date":"2025-10-29T03:16:07","date_gmt":"2025-10-29T03:16:07","guid":{"rendered":"https:\/\/demo.gmaxagency.com\/ricky\/?post_type=product&#038;p=414"},"modified":"2025-12-01T02:06:09","modified_gmt":"2025-12-01T02:06:09","slug":"the-ricky-single-grain-whisky","status":"publish","type":"product","link":"https:\/\/demo.gmaxagency.com\/ricky\/san-pham\/the-ricky-single-grain-whisky\/","title":{"rendered":"R\u01b0\u1ee3u 1983 Single Grain Whisky"},"content":{"rendered":"<p style=\"text-align: center;\"><span style=\"font-size: 120%;\"><strong>The Ricky Single Grain Whisky<\/strong><\/span><\/p>\n<p style=\"text-align: center;\"><span style=\"font-size: 120%;\"><strong>Tinh hoa cao nguy\u00ean \u2013 Linh h<\/strong><strong>\u1ed3<\/strong><strong>n trong g<\/strong><strong>\u1ed7<\/strong><strong> s<\/strong><strong>\u1ed3<\/strong><strong>i<\/strong><\/span><\/p>\n<ol>\n<li><strong> N<\/strong><strong>\u01a1<\/strong><strong>i <\/strong><strong>\u0111<\/strong><strong>\u1ea5<\/strong><strong>t, gi<\/strong><strong>\u00f3<\/strong><strong> v<\/strong><strong>\u00e0<\/strong><strong> l<\/strong><strong>\u1eed<\/strong><strong>a g<\/strong><strong>\u1eb7<\/strong><strong>p nhau<\/strong><\/li>\n<\/ol>\n<p>Gi\u1eefa l\u00f2ng <strong>\u0110<\/strong><strong>\u1eaf<\/strong><strong>k L<\/strong><strong>\u1eaf<\/strong><strong>k<\/strong>, n\u01a1i \u0111\u1ea5t \u0111\u1ecf bazan chan h\u00f2a c\u00f9ng n\u1eafng gi\u00f3 \u0111\u1ea1i ng\u00e0n, <strong>The Ricky Distillery<\/strong> ra \u0111\u1eddi nh\u01b0 m\u1ed9t minh ch\u1ee9ng cho tinh th\u1ea7n s\u00e1ng t\u1ea1o kh\u00f4ng ng\u1eebng c\u1ee7a v\u00f9ng cao nguy\u00ean.<br \/>\nT\u1eeb h\u1ea1t ng\u0169 c\u1ed1c \u0111\u01b0\u1ee3c vun tr\u1ed3ng tr\u00ean mi\u1ec1n \u0111\u1ea5t m\u00e0u m\u1ee1, qua d\u00f2ng n\u01b0\u1edbc tinh khi\u1ebft v\u00e0 h\u01a1i th\u1edf c\u1ee7a kh\u00ed h\u1eadu \u0111\u1eb7c tr\u01b0ng T\u00e2y Nguy\u00ean, m\u1ed9t d\u00f2ng whisky mang b\u1ea3n s\u1eafc Vi\u1ec7t Nam \u0111\u01b0\u1ee3c kh\u01a1i ngu\u1ed3n \u2013 <strong>kh\u00f4ng m\u00f4 ph<\/strong><strong>\u1ecf<\/strong><strong>ng, m<\/strong><strong>\u00e0<\/strong><strong> ki<\/strong><strong>\u1ebf<\/strong><strong>n t<\/strong><strong>\u1ea1<\/strong><strong>o n<\/strong><strong>\u00ea<\/strong><strong>n chu<\/strong><strong>\u1ea9<\/strong><strong>n m<\/strong><strong>\u1ef1<\/strong><strong>c ri<\/strong><strong>\u00ea<\/strong><strong>ng c<\/strong><strong>\u1ee7<\/strong><strong>a m<\/strong><strong>\u00ec<\/strong><strong>nh<\/strong>.<\/p>\n<p><strong>The Ricky Single Grain Whisky<\/strong> l\u00e0 b\u1ea3n giao h\u01b0\u1edfng gi\u1eefa t\u1ef1 nhi\u00ean v\u00e0 b\u00e0n tay con ng\u01b0\u1eddi, gi\u1eefa s\u1ef1 th\u00f4 m\u1ed9c v\u00e0 tinh t\u1ebf, gi\u1eefa <strong>tinh th<\/strong><strong>\u1ea7<\/strong><strong>n T<\/strong><strong>\u00e2<\/strong><strong>y Nguy<\/strong><strong>\u00ea<\/strong><strong>n<\/strong> v\u00e0 <strong>\u0111<\/strong><strong>\u1eb3<\/strong><strong>ng c<\/strong><strong>\u1ea5<\/strong><strong>p qu<\/strong><strong>\u1ed1<\/strong><strong>c t<\/strong><strong>\u1ebf<\/strong>.<\/p>\n<p><img loading=\"lazy\" decoding=\"async\" class=\"alignnone wp-image-334 size-full\" src=\"https:\/\/demo.gmaxagency.com\/ricky\/wp-content\/uploads\/2025\/10\/z7065679940884_5bbfabc0c8864df7e8c6fc2018985583.jpg\" alt=\"\" width=\"2560\" height=\"1595\" srcset=\"https:\/\/demo.gmaxagency.com\/ricky\/wp-content\/uploads\/2025\/10\/z7065679940884_5bbfabc0c8864df7e8c6fc2018985583.jpg 2560w, https:\/\/demo.gmaxagency.com\/ricky\/wp-content\/uploads\/2025\/10\/z7065679940884_5bbfabc0c8864df7e8c6fc2018985583-300x187.jpg 300w, https:\/\/demo.gmaxagency.com\/ricky\/wp-content\/uploads\/2025\/10\/z7065679940884_5bbfabc0c8864df7e8c6fc2018985583-1024x638.jpg 1024w, https:\/\/demo.gmaxagency.com\/ricky\/wp-content\/uploads\/2025\/10\/z7065679940884_5bbfabc0c8864df7e8c6fc2018985583-768x479.jpg 768w, https:\/\/demo.gmaxagency.com\/ricky\/wp-content\/uploads\/2025\/10\/z7065679940884_5bbfabc0c8864df7e8c6fc2018985583-800x498.jpg 800w\" sizes=\"auto, (max-width: 2560px) 100vw, 2560px\" \/><\/p>\n<ol start=\"2\">\n<li><strong> Ngh<\/strong><strong>\u1ec7<\/strong><strong> thu<\/strong><strong>\u1ead<\/strong><strong>t ch<\/strong><strong>\u01b0<\/strong><strong>ng c<\/strong><strong>\u1ea5<\/strong><strong>t hi<\/strong><strong>\u1ec7<\/strong><strong>n <\/strong><strong>\u0111<\/strong><strong>\u1ea1<\/strong><strong>i gi<\/strong><strong>\u1eef<\/strong><strong>a l<\/strong><strong>\u00f2<\/strong><strong>ng <\/strong><strong>\u0111<\/strong><strong>\u1ea1<\/strong><strong>i ng<\/strong><strong>\u00e0<\/strong><strong>n<\/strong><\/li>\n<\/ol>\n<p>M\u1ed7i gi\u1ecdt whisky \u0111\u01b0\u1ee3c sinh ra t\u1eeb quy tr\u00ecnh <strong>ch<\/strong><strong>\u01b0<\/strong><strong>ng c<\/strong><strong>\u1ea5<\/strong><strong>t ba l<\/strong><strong>\u1ea7<\/strong><strong>n<\/strong> tinh luy\u1ec7n, \u0111\u1ea1t \u0111\u1ed9 trong v\u00e0 tinh khi\u1ebft v\u01b0\u1ee3t tr\u1ed9i. Sau \u0111\u00f3, r\u01b0\u1ee3u \u0111\u01b0\u1ee3c <strong>\u1ee7<\/strong><strong> hai giai <\/strong><strong>\u0111<\/strong><strong>o<\/strong><strong>\u1ea1<\/strong><strong>n<\/strong> \u2013 \u0111\u1ea7u ti\u00ean trong <strong>chum g<\/strong><strong>\u1ed1<\/strong><strong>m truy<\/strong><strong>\u1ec1<\/strong><strong>n th<\/strong><strong>\u1ed1<\/strong><strong>ng<\/strong>, \u0111\u1ec3 \u201cth\u1edf\u201d c\u00f9ng kh\u00ed tr\u1eddi cao nguy\u00ean, r\u1ed3i ti\u1ebfp t\u1ee5c tr\u01b0\u1edfng th\u00e0nh trong <strong>th\u00f9ng g<\/strong><strong>\u1ed7<\/strong><strong> s<\/strong><strong>\u1ed3<\/strong><strong>i M<\/strong><strong>\u1ef9<\/strong><strong> 50 l<\/strong><strong>\u00ed<\/strong><strong>t<\/strong>, n\u01a1i t\u1eebng l\u00e0n h\u01a1i r\u01b0\u1ee3u h\u1ea5p th\u1ee5 tr\u1ecdn v\u1eb9n tinh ch\u1ea5t c\u1ee7a g\u1ed7 v\u00e0 th\u1eddi gian.<\/p>\n<p>T\u1eebng c\u00f4ng \u0111o\u1ea1n \u0111\u1ec1u tu\u00e2n theo tri\u1ebft l\u00fd c\u1ee7a nh\u00e0 Ricky:<\/p>\n<p><strong>\u201c\u0110<\/strong><strong>\u1ec3<\/strong><strong> th<\/strong><strong>\u1edd<\/strong><strong>i gian tinh luy<\/strong><strong>\u1ec7<\/strong><strong>n, <\/strong><strong>\u0111<\/strong><strong>\u1ec3<\/strong><strong> thi<\/strong><strong>\u00ea<\/strong><strong>n nhi<\/strong><strong>\u00ea<\/strong><strong>n l<\/strong><strong>\u00ea<\/strong><strong>n ti<\/strong><strong>\u1ebf<\/strong><strong>ng.<\/strong><strong>\u201d<\/strong><\/p>\n<ol start=\"3\">\n<li><strong> Giai \u0111i\u1ec7u c\u1ee7a g\u1ed7 s\u1ed3i v\u00e0 kh\u00f4ng kh\u00ed<\/strong><\/li>\n<\/ol>\n<p>Ch\u1ec9 s\u1eed d\u1ee5ng <strong>g<\/strong><strong>\u1ed7<\/strong><strong> s<\/strong><strong>\u1ed3<\/strong><strong>i tr<\/strong><strong>\u1eaf<\/strong><strong>ng M<\/strong><strong>\u1ef9<\/strong><strong> (Quercus alba)<\/strong> \u0111\u01b0\u1ee3c n\u01b0\u1edbng nh\u1eb9 \u1edf m\u1ee9c Medium Toast, The Ricky Single Grain Whisky mang \u0111\u1ebfn s\u1eafc v\u00e0ng h\u1ed5 ph\u00e1ch \u00f3ng \u00e1nh v\u00e0 t\u1ea7ng h\u01b0\u01a1ng phong ph\u00fa:<br \/>\n<strong>vani \u2013 m<\/strong><strong>\u1ead<\/strong><strong>t ong <\/strong><strong>\u2013<\/strong><strong> caramel <\/strong><strong>\u2013<\/strong><strong> g<\/strong><strong>\u1ed7<\/strong><strong> n<\/strong><strong>\u01b0\u1edb<\/strong><strong>ng <\/strong><strong>\u2013<\/strong><strong> kh<\/strong><strong>\u00f3<\/strong><strong>i nh<\/strong><strong>\u1eb9<\/strong>, h\u00f2a quy\u1ec7n h\u00e0i h\u00f2a nh\u01b0 kh\u00fac nh\u1ea1c chi\u1ec1u b\u00ean b\u1ebfp l\u1eeda cao nguy\u00ean.<\/p>\n<p>H\u01b0\u01a1ng v\u1ecb m\u1edf \u0111\u1ea7u d\u1ecbu ng\u1ecdt, lan d\u1ea7n th\u00e0nh v\u1ecb g\u1ed7 \u1ea5m \u00e1p, thoang tho\u1ea3ng h\u01b0\u01a1ng kh\u00f3i tinh t\u1ebf, k\u1ebft th\u00fac l\u00e0 h\u1eadu v\u1ecb <strong>m<\/strong><strong>\u1ec1<\/strong><strong>m m<\/strong><strong>\u01b0\u1ee3<\/strong><strong>t, s<\/strong><strong>\u00e2<\/strong><strong>u l<\/strong><strong>\u1eaf<\/strong><strong>ng v<\/strong><strong>\u00e0<\/strong><strong> b<\/strong><strong>\u1ec1<\/strong><strong>n b<\/strong><strong>\u1ec9<\/strong> \u2014 nh\u01b0 h\u01a1i th\u1edf \u0111\u1ea1i ng\u00e0n khi ng\u00e0y t\u00e0n d\u1ea7n tr\u00ean r\u1eebng c\u00e0 ph\u00ea \u0110\u1eafk L\u1eafk.<\/p>\n<ol start=\"4\">\n<li><strong> Th\u1ee7 c\u00f4ng v\u00e0 ki\u00eau h\u00e3nh<\/strong><\/li>\n<\/ol>\n<p>M\u1ed7i m\u1ebb r\u01b0\u1ee3u t\u1ea1i <strong>The Ricky Distillery<\/strong> \u0111\u01b0\u1ee3c t\u1ea1o n\u00ean b\u1eb1ng <strong>\u0111\u00f4i tay v\u00e0 ni<\/strong><strong>\u1ec1<\/strong><strong>m ki<\/strong><strong>\u00ea<\/strong><strong>u h<\/strong><strong>\u00e3<\/strong><strong>nh c<\/strong><strong>\u1ee7<\/strong><strong>a ng<\/strong><strong>\u01b0\u1edd<\/strong><strong>i th<\/strong><strong>\u1ee3<\/strong><strong> th<\/strong><strong>\u1ee7<\/strong><strong> c<\/strong><strong>\u00f4<\/strong><strong>ng<\/strong>.<br \/>\nKh\u00f4ng ph\u1ee5 gia, kh\u00f4ng h\u01b0\u01a1ng li\u1ec7u nh\u00e2n t\u1ea1o, kh\u00f4ng m\u00e0u nhu\u1ed9m \u2013 ch\u1ec9 c\u00f3 <strong>ng\u0169 c<\/strong><strong>\u1ed1<\/strong><strong>c, n<\/strong><strong>\u01b0\u1edb<\/strong><strong>c ngu<\/strong><strong>\u1ed3<\/strong><strong>n, g<\/strong><strong>\u1ed7<\/strong><strong> s<\/strong><strong>\u1ed3<\/strong><strong>i v<\/strong><strong>\u00e0<\/strong><strong> th<\/strong><strong>\u1edd<\/strong><strong>i gian<\/strong>.<br \/>\n\u0110\u00f3 l\u00e0 <strong>ngh<\/strong><strong>\u1ec7<\/strong><strong> thu<\/strong><strong>\u1ead<\/strong><strong>t c<\/strong><strong>\u1ee7<\/strong><strong>a s<\/strong><strong>\u1ef1<\/strong><strong> ki<\/strong><strong>\u00ea<\/strong><strong>n <\/strong><strong>\u0111<\/strong><strong>\u1ecb<\/strong><strong>nh v<\/strong><strong>\u00e0<\/strong><strong> t<\/strong><strong>\u00f4<\/strong><strong>n tr<\/strong><strong>\u1ecd<\/strong><strong>ng t<\/strong><strong>\u1ef1<\/strong><strong> nhi\u00ean<\/strong>, n\u01a1i t\u1eebng gi\u1ecdt r\u01b0\u1ee3u tr\u1edf th\u00e0nh m\u1ed9t t\u00e1c ph\u1ea9m s\u1ed1ng, mang linh h\u1ed3n c\u1ee7a \u0111\u1ea5t v\u00e0 ng\u01b0\u1eddi cao nguy\u00ean.<\/p>\n<ol start=\"5\">\n<li><strong> Linh h\u1ed3n Vi\u1ec7t trong d\u00e1ng h\u00ecnh th\u1ebf gi\u1edbi<\/strong><\/li>\n<\/ol>\n<p>N\u1ebfu whisky Scotland g\u1eafn li\u1ec1n v\u1edbi Speyside, whisky Nh\u1eadt mang h\u01a1i th\u1edf Kyoto \u2013 th\u00ec <strong>The Ricky Single Grain Whisky<\/strong> ch\u00ednh l\u00e0 <strong>thanh \u00e2m c\u1ee7a \u0110\u1eafk L\u1eafk<\/strong>: s\u00e2u, \u1ea5m, t\u1ef1 nhi\u00ean v\u00e0 \u0111\u1ea7y n\u1ed9i l\u1ef1c.<br \/>\nM\u1ed7i chai whisky l\u00e0 <strong>m\u1ed9t c\u00e2u chuy\u1ec7n k\u1ec3 v\u1ec1 s\u1ef1 tr\u01b0\u1edfng th\u00e0nh c\u1ee7a tinh th\u1ea7n Vi\u1ec7t Nam<\/strong> \u2013 t\u1eeb v\u00f9ng \u0111\u1ea5t \u0111\u1ecf bazan kh\u00f4 kh\u00e1t, con ng\u01b0\u1eddi v\u1eabn \u1ee7 n\u00ean th\u1ee9 r\u01b0\u1ee3u l\u00e0m \u1ea5m tr\u00e1i tim v\u00e0 lay \u0111\u1ed9ng c\u1ea3m x\u00fac ng\u01b0\u1eddi th\u01b0\u1edfng th\u1ee9c kh\u1eafp th\u1ebf gi\u1edbi.<\/p>\n<p><strong>Slogan<\/strong><\/p>\n<p><strong>\u201cTinh luy\u1ec7n t\u1eeb thi\u00ean nhi\u00ean \u2013 tr\u01b0\u1edfng th\u00e0nh trong g\u1ed7 s\u1ed3i cao nguy\u00ean.\u201d<\/strong><\/p>\n","protected":false},"excerpt":{"rendered":"<table>\n<tbody>\n<tr>\n<td>DUNG T\u00cdCH<\/td>\n<td>N\u1ed2NG \u0110\u1ed8 C\u1ed2N<\/td>\n<td>QUY C\u00c1CH<\/td>\n<\/tr>\n<tr>\n<td>700ML<\/td>\n<td>40%<\/td>\n<td>\u0110\u00f3ng chai,<br \/>\nc\u00f3 h\u1ed9p<\/td>\n<\/tr>\n<\/tbody>\n<\/table>\n","protected":false},"featured_media":446,"comment_status":"open","ping_status":"closed","template":"","meta":[],"product_brand":[],"product_cat":[17],"product_tag":[],"class_list":{"0":"post-414","1":"product","2":"type-product","3":"status-publish","4":"has-post-thumbnail","6":"product_cat-whisky","8":"first","9":"instock","10":"sale","11":"shipping-taxable","12":"purchasable","13":"product-type-simple"},"_links":{"self":[{"href":"https:\/\/demo.gmaxagency.com\/ricky\/wp-json\/wp\/v2\/product\/414","targetHints":{"allow":["GET"]}}],"collection":[{"href":"https:\/\/demo.gmaxagency.com\/ricky\/wp-json\/wp\/v2\/product"}],"about":[{"href":"https:\/\/demo.gmaxagency.com\/ricky\/wp-json\/wp\/v2\/types\/product"}],"replies":[{"embeddable":true,"href":"https:\/\/demo.gmaxagency.com\/ricky\/wp-json\/wp\/v2\/comments?post=414"}],"wp:featuredmedia":[{"embeddable":true,"href":"https:\/\/demo.gmaxagency.com\/ricky\/wp-json\/wp\/v2\/media\/446"}],"wp:attachment":[{"href":"https:\/\/demo.gmaxagency.com\/ricky\/wp-json\/wp\/v2\/media?parent=414"}],"wp:term":[{"taxonomy":"product_brand","embeddable":true,"href":"https:\/\/demo.gmaxagency.com\/ricky\/wp-json\/wp\/v2\/product_brand?post=414"},{"taxonomy":"product_cat","embeddable":true,"href":"https:\/\/demo.gmaxagency.com\/ricky\/wp-json\/wp\/v2\/product_cat?post=414"},{"taxonomy":"product_tag","embeddable":true,"href":"https:\/\/demo.gmaxagency.com\/ricky\/wp-json\/wp\/v2\/product_tag?post=414"}],"curies":[{"name":"wp","href":"https:\/\/api.w.org\/{rel}","templated":true}]}}