{"id":416,"date":"2025-10-29T04:02:03","date_gmt":"2025-10-29T04:02:03","guid":{"rendered":"https:\/\/demo.gmaxagency.com\/ricky\/?post_type=product&#038;p=416"},"modified":"2025-12-01T02:05:13","modified_gmt":"2025-12-01T02:05:13","slug":"ruou-prunus-salicina-liqueur-ruou-man","status":"publish","type":"product","link":"https:\/\/demo.gmaxagency.com\/ricky\/san-pham\/ruou-prunus-salicina-liqueur-ruou-man\/","title":{"rendered":"R\u01b0\u1ee3u Prunus Salicina Liqueur (R\u01b0\u1ee3u m\u1eadn)"},"content":{"rendered":"<p style=\"text-align: center;\"><strong>Prunus Salicina Liqueur<\/strong><\/p>\n<p>&nbsp;<\/p>\n<ol>\n<li><strong> Th\u00f4ng tin c\u01a1 b\u1ea3n | Product Information<\/strong><\/li>\n<\/ol>\n<ul>\n<li><strong>T\u00ean th\u01b0\u01a1ng m\u1ea1i | Brand name<\/strong>: <strong>Prunus Salicina Liqueur<\/strong> <em>(R\u01b0\u1ee3u m\u1eadn)<\/em><\/li>\n<li><strong>Lo\u1ea1i r\u01b0\u1ee3u | Category<\/strong>: Fruit Liqueur \u2013 Plum Wine Fortified<\/li>\n<li><strong>N\u1ed3ng \u0111\u1ed9 c\u1ed3n | ABV<\/strong>: 19.8% Alc.\/Vol.<\/li>\n<li><strong>Dung t\u00edch | Volume<\/strong>: 700 ml<\/li>\n<li><strong>Xu\u1ea5t x\u1ee9 | Origin<\/strong>: T\u00e2y Nguy\u00ean \u2013 Vi\u1ec7t Nam<\/li>\n<li><strong>Nh\u00e0 s\u1ea3n xu\u1ea5t | Producer<\/strong>: HTX Darlac \/ The Ricky Distillery<\/li>\n<\/ul>\n<ol start=\"2\">\n<li><strong> C\u00e2u chuy\u1ec7n &amp; ngu\u1ed3n g\u1ed1c | Story &amp; Origin<\/strong><\/li>\n<\/ol>\n<p>T\u1eeb nh\u1eefng tr\u00e1i <strong>m\u1eadn ch\u00edn m\u1ecdng Prunus salicina<\/strong>, thu h\u00e1i khi \u0111\u1ea1t \u0111\u1ed9 ng\u1ecdt v\u00e0 h\u01b0\u01a1ng th\u01a1m t\u1ef1 nhi\u00ean nh\u1ea5t, ch\u00fang t\u00f4i \u0111\u00e3 l\u00ean men theo ph\u01b0\u01a1ng ph\u00e1p truy\u1ec1n th\u1ed1ng. Sau \u0111\u00f3, r\u01b0\u1ee3u m\u1eadn \u0111\u01b0\u1ee3c <strong>c\u01b0\u1eddng h\u00f3a b\u1eb1ng r\u01b0\u1ee3u n\u1ec1n th\u1ee7 c\u00f4ng<\/strong> c\u1ee7a The Ricky Distillery, t\u1ea1o n\u00ean m\u1ed9t lo\u1ea1i liqueur v\u1eeba mang n\u00e9t thanh tho\u00e1t c\u1ee7a hoa qu\u1ea3, v\u1eeba l\u01b0u gi\u1eef s\u1ee9c m\u1ea1nh c\u1ee7a r\u01b0\u1ee3u m\u1ea1nh Vi\u1ec7t Nam.<\/p>\n<p><em>Crafted from ripe <strong>Prunus salicina plums<\/strong>, carefully fermented at peak ripeness for maximum flavor. The wine is then <strong>fortified with traditional Ricky Distillery spirit<\/strong>, creating a balanced liqueur that harmonizes the freshness of fruit with the depth of fine liquor.<\/em><\/p>\n<ol start=\"3\">\n<li><strong> H\u01b0\u01a1ng v\u1ecb | Tasting Notes<\/strong><\/li>\n<\/ol>\n<ul>\n<li><strong>M\u00e0u s\u1eafc | Appearance<\/strong>: \u0110\u1ecf ruby \u00e1nh t\u00edm, trong su\u1ed1t.<\/li>\n<li><strong>M\u00f9i h\u01b0\u01a1ng | Aroma<\/strong>: M\u1eadn ch\u00edn, tho\u1ea3ng h\u01b0\u01a1ng hoa v\u00e0 ch\u00fat m\u1eadt ong.<\/li>\n<li><strong>V\u1ecb gi\u00e1c | Palate<\/strong>: M\u1ec1m m\u01b0\u1ee3t, m\u1edf \u0111\u1ea7u chua thanh, ti\u1ebfp n\u1ed1i ng\u1ecdt d\u1ecbu t\u1ef1 nhi\u00ean.<\/li>\n<li><strong>D\u01b0 v\u1ecb | Finish<\/strong>: Nh\u1eb9 nh\u00e0ng, t\u01b0\u01a1i m\u00e1t, \u0111\u1ec3 l\u1ea1i h\u01b0\u01a1ng tr\u00e1i c\u00e2y k\u00e9o d\u00e0i.<\/li>\n<\/ul>\n<ol start=\"4\">\n<li><strong> Nguy\u00ean li\u1ec7u &amp; Quy tr\u00ecnh | Ingredients &amp; Craft<\/strong><\/li>\n<\/ol>\n<ul>\n<li><strong>M\u1eadn Prunus Salicina<\/strong> \u2013 ch\u1ecdn l\u1ecdc khi ch\u00edn r\u1ed9.<\/li>\n<li><strong>L\u00ean men truy\u1ec1n th\u1ed1ng<\/strong> \u0111\u1ec3 gi\u1eef tr\u1ecdn h\u01b0\u01a1ng v\u1ecb t\u1ef1 nhi\u00ean.<\/li>\n<li><strong>C\u01b0\u1eddng h\u00f3a b\u1eb1ng r\u01b0\u1ee3u n\u1ec1n<\/strong> \u2013 t\u0103ng \u0111\u1ed9 c\u1ed3n v\u00e0 \u0111\u1ed9 b\u1ec1n h\u01b0\u01a1ng v\u1ecb.<\/li>\n<\/ul>\n<p><em>Made from select ripe plums, traditionally fermented and fortified with handcrafted spirit for enhanced strength and complexity.<\/em><\/p>\n<ol start=\"5\">\n<li><strong> C\u00e1ch th\u01b0\u1edfng th\u1ee9c | Serving Suggestions<\/strong><\/li>\n<\/ol>\n<ul>\n<li>U\u1ed1ng l\u1ea1nh ho\u1eb7c v\u1edbi \u0111\u00e1.<\/li>\n<li>K\u1ebft h\u1ee3p c\u00f9ng soda\/tonic \u0111\u1ec3 t\u1ea1o \u0111\u1ed3 u\u1ed1ng nh\u1eb9 nh\u00e0ng.<\/li>\n<li>Th\u00edch h\u1ee3p cho c\u00e1c b\u1eefa ti\u1ec7c, khai v\u1ecb ho\u1eb7c l\u00e0m qu\u00e0 t\u1eb7ng tinh t\u1ebf.<\/li>\n<\/ul>\n<p><em>Serve chilled, on the rocks, or mixed with soda\/tonic. Perfect as an aperitif, party drink, or refined gift.<\/em><\/p>\n<ol start=\"6\">\n<li><strong> C\u1ea3nh b\u00e1o &amp; ph\u00e1p l\u00fd | Legal &amp; Responsible Drinking<\/strong><\/li>\n<\/ol>\n<ul>\n<li>Kh\u00f4ng d\u00e0nh cho ng\u01b0\u1eddi d\u01b0\u1edbi 18 tu\u1ed5i.<\/li>\n<li>U\u1ed1ng c\u00f3 tr\u00e1ch nhi\u1ec7m.<\/li>\n<\/ul>\n<p><em>Not for persons under 18. Please enjoy responsibly.<\/em><\/p>\n<ol start=\"7\">\n<li><strong> Li\u00ean h\u1ec7 | Contact<\/strong><\/li>\n<\/ol>\n<ul>\n<li><strong>Website\/Fanpage<\/strong>: <a href=\"http:\/\/www.therickydistillery.com.vn\" target=\"_blank\" rel=\"noopener\">www.therickydistillery.com.vn<\/a><\/li>\n<li><strong>Hotline<\/strong>: 0981798777<\/li>\n<li><strong>\u0110\u1ecba ch\u1ec9<\/strong>: 75\/63\/1 Nguy\u1ec5n L\u01b0\u01a1ng B\u1eb1ng, T\u00e2p L\u1eadp, \u0110\u1eafk L\u1eafk<\/li>\n<li><strong>QR Code<\/strong>: (Scan \u0111\u1ec3 \u0111\u1eb7t h\u00e0ng)<\/li>\n<\/ul>\n","protected":false},"excerpt":{"rendered":"<table>\n<tbody>\n<tr>\n<td>DUNG T\u00cdCH<\/td>\n<td>N\u1ed2NG \u0110\u1ed8 C\u1ed2N<\/td>\n<td>QUY C\u00c1CH<\/td>\n<\/tr>\n<tr>\n<td>750ML<\/td>\n<td>19,8%<\/td>\n<td>\u0110\u00f3ng chai,<br \/>\nc\u00f3 h\u1ed9p<\/td>\n<\/tr>\n<\/tbody>\n<\/table>\n","protected":false},"featured_media":445,"comment_status":"open","ping_status":"closed","template":"","meta":[],"product_brand":[],"product_cat":[19,20],"product_tag":[],"class_list":{"0":"post-416","1":"product","2":"type-product","3":"status-publish","4":"has-post-thumbnail","6":"product_cat-liqueur","7":"product_cat-ruou-dac-san","9":"first","10":"instock","11":"sale","12":"shipping-taxable","13":"purchasable","14":"product-type-simple"},"_links":{"self":[{"href":"https:\/\/demo.gmaxagency.com\/ricky\/wp-json\/wp\/v2\/product\/416","targetHints":{"allow":["GET"]}}],"collection":[{"href":"https:\/\/demo.gmaxagency.com\/ricky\/wp-json\/wp\/v2\/product"}],"about":[{"href":"https:\/\/demo.gmaxagency.com\/ricky\/wp-json\/wp\/v2\/types\/product"}],"replies":[{"embeddable":true,"href":"https:\/\/demo.gmaxagency.com\/ricky\/wp-json\/wp\/v2\/comments?post=416"}],"wp:featuredmedia":[{"embeddable":true,"href":"https:\/\/demo.gmaxagency.com\/ricky\/wp-json\/wp\/v2\/media\/445"}],"wp:attachment":[{"href":"https:\/\/demo.gmaxagency.com\/ricky\/wp-json\/wp\/v2\/media?parent=416"}],"wp:term":[{"taxonomy":"product_brand","embeddable":true,"href":"https:\/\/demo.gmaxagency.com\/ricky\/wp-json\/wp\/v2\/product_brand?post=416"},{"taxonomy":"product_cat","embeddable":true,"href":"https:\/\/demo.gmaxagency.com\/ricky\/wp-json\/wp\/v2\/product_cat?post=416"},{"taxonomy":"product_tag","embeddable":true,"href":"https:\/\/demo.gmaxagency.com\/ricky\/wp-json\/wp\/v2\/product_tag?post=416"}],"curies":[{"name":"wp","href":"https:\/\/api.w.org\/{rel}","templated":true}]}}