{"id":420,"date":"2025-10-29T04:09:19","date_gmt":"2025-10-29T04:09:19","guid":{"rendered":"https:\/\/demo.gmaxagency.com\/ricky\/?post_type=product&#038;p=420"},"modified":"2025-12-01T02:04:38","modified_gmt":"2025-12-01T02:04:38","slug":"darlac-ruou-serepok-essence-liqueur-ruou-choi-moi","status":"publish","type":"product","link":"https:\/\/demo.gmaxagency.com\/ricky\/san-pham\/darlac-ruou-serepok-essence-liqueur-ruou-choi-moi\/","title":{"rendered":"Darlac R\u01b0\u1ee3u S\u00ear\u00eap\u1ed1k Essence Liqueur (R\u01b0\u1ee3u ch\u00f2i m\u00f2i)"},"content":{"rendered":"<p style=\"text-align: center;\"><span style=\"font-size: 120%;\"><strong>Darlac S\u00ear\u00eap<\/strong><strong>\u1ed1<\/strong><strong>k Essence Liqueur <em>(R<\/em><\/strong><strong><em>\u01b0\u1ee3<\/em><\/strong><strong><em>u Ch<\/em><\/strong><strong><em>\u00f2<\/em><\/strong><strong><em>i M<\/em><\/strong><strong><em>\u00f2<\/em><\/strong><strong><em>i)<\/em><\/strong><\/span><\/p>\n<p style=\"text-align: center;\"><span style=\"font-size: 120%;\"><em>\u201cK<\/em><em>\u1ebf<\/em><em>t tinh t<\/em><em>\u1eeb<\/em><em> r<\/em><em>\u1eeb<\/em><em>ng <\/em><em>\u2013<\/em><em> Th<\/em><em>\u1ee9<\/em><em>c t<\/em><em>\u1ec9<\/em><em>nh b<\/em><em>\u1edf<\/em><em>i s<\/em><em>\u00f4<\/em><em>ng.<\/em><em>\u201d<\/em><\/span><\/p>\n<ol>\n<li><strong> Th\u00f4ng tin c<\/strong><strong>\u01a1<\/strong><strong> b<\/strong><strong>\u1ea3<\/strong><strong>n | Product Information<\/strong><\/li>\n<\/ol>\n<ul>\n<li><strong>T\u00ean th<\/strong><strong>\u01b0\u01a1<\/strong><strong>ng m<\/strong><strong>\u1ea1<\/strong><strong>i | Brand name<\/strong>: <strong>Darlac S\u00ear\u00eap<\/strong><strong>\u1ed1<\/strong><strong>k Essence Liqueur<\/strong><\/li>\n<li><strong>Lo<\/strong><strong>\u1ea1<\/strong><strong>i r<\/strong><strong>\u01b0\u1ee3<\/strong><strong>u | Category<\/strong>: Fruit Liqueur \u2013 Wild Fruit Spirit<\/li>\n<li><strong>N<\/strong><strong>\u1ed3<\/strong><strong>ng <\/strong><strong>\u0111<\/strong><strong>\u1ed9<\/strong><strong> c<\/strong><strong>\u1ed3<\/strong><strong>n | ABV<\/strong>: 30% Alc.\/Vol.<\/li>\n<li><strong>Dung t\u00edch | Volume<\/strong>: 700 ml<\/li>\n<li><strong>Xu<\/strong><strong>\u1ea5<\/strong><strong>t x<\/strong><strong>\u1ee9<\/strong><strong> | Origin<\/strong>: \u0110\u1eafk L\u1eafk \u2013 Vi\u1ec7t Nam<\/li>\n<li><strong>Nh\u00e0 s<\/strong><strong>\u1ea3<\/strong><strong>n xu<\/strong><strong>\u1ea5<\/strong><strong>t | Producer<\/strong>: HTX Darlac \u2013 The Ricky Distillery<\/li>\n<\/ul>\n<ol start=\"2\">\n<li><strong> C\u00e2u chuy<\/strong><strong>\u1ec7<\/strong><strong>n &amp; ngu<\/strong><strong>\u1ed3<\/strong><strong>n g<\/strong><strong>\u1ed1<\/strong><strong>c | Story &amp; Origin<\/strong><\/li>\n<\/ol>\n<p>T\u1eeb nh\u1eefng <strong>qu<\/strong><strong>\u1ea3<\/strong><strong> ch<\/strong><strong>\u00f2<\/strong><strong>i m<\/strong><strong>\u00f2<\/strong><strong>i<\/strong> m\u1ecdc hoang d\u00e3 b\u00ean d\u00f2ng <strong>S\u00ear\u00eap<\/strong><strong>\u1ed1<\/strong><strong>k h<\/strong><strong>\u00f9<\/strong><strong>ng v<\/strong><strong>\u0129<\/strong> c\u1ee7a \u0110\u1eafk L\u1eafk, ng\u01b0\u1eddi d\u00e2n b\u1ea3n \u0111\u1ecba \u0111\u00e3 bi\u1ebft t\u1eadn d\u1ee5ng lo\u1ea1i qu\u1ea3 nh\u1ecf b\u00e9 n\u00e0y trong \u1ea9m th\u1ef1c truy\u1ec1n th\u1ed1ng. L\u1ea5y c\u1ea3m h\u1ee9ng t\u1eeb \u0111\u00f3, <strong>Darlac S\u00ear\u00eap<\/strong><strong>\u1ed1<\/strong><strong>k Essence Liqueur<\/strong> \u0111\u01b0\u1ee3c ra \u0111\u1eddi: qu\u1ea3 ch\u00f2i m\u00f2i \u0111\u01b0\u1ee3c <strong>l\u00ean men t<\/strong><strong>\u1ef1<\/strong><strong> nhi<\/strong><strong>\u00ea<\/strong><strong>n<\/strong>, sau \u0111\u00f3 <strong>c<\/strong><strong>\u01b0\u1edd<\/strong><strong>ng h<\/strong><strong>\u00f3<\/strong><strong>a b<\/strong><strong>\u1eb1<\/strong><strong>ng r<\/strong><strong>\u01b0\u1ee3<\/strong><strong>u n<\/strong><strong>\u1ec1<\/strong><strong>n th<\/strong><strong>\u1ee7<\/strong><strong> c<\/strong><strong>\u00f4<\/strong><strong>ng<\/strong> \u0111\u1ec3 \u0111\u1ea1t \u0111\u1ed9 m\u1ea1nh 30%, v\u1eeba gi\u1eef tr\u1ecdn h\u01b0\u01a1ng v\u1ecb tr\u00e1i c\u00e2y, v\u1eeba l\u00e0m n\u1ed5i b\u1eadt b\u1ea3n s\u1eafc \u0111\u1ea1i ng\u00e0n.<\/p>\n<p><em>Crafted from wild <strong>choi moi fruits<\/strong> of Dak Lak, nurtured by the mighty <strong>Serepok River<\/strong>, this unique liqueur reflects both nature and heritage. The fruit is <strong>naturally fermented<\/strong>, then <strong>fortified with traditional handcrafted spirit<\/strong> to reach 30% ABV \u2013 balancing the wild freshness of fruit with the strength of a fine liqueur.<\/em><\/p>\n<p>&nbsp;<\/p>\n<ol start=\"3\">\n<li><strong> H<\/strong><strong>\u01b0\u01a1<\/strong><strong>ng v<\/strong><strong>\u1ecb<\/strong><strong> | Tasting Notes<\/strong><\/li>\n<\/ol>\n<ul>\n<li><strong>M\u00e0u s<\/strong><strong>\u1eaf<\/strong><strong>c | Appearance<\/strong>: m\u00e0u Ruby, trong su\u1ed1t.<\/li>\n<li><strong>M\u00f9i h<\/strong><strong>\u01b0\u01a1<\/strong><strong>ng | Aroma<\/strong>: H\u01b0\u01a1ng tr\u00e1i c\u00e2y r\u1eebng t\u01b0\u01a1i m\u00e1t, tho\u1ea3ng ch\u00fat th\u1ea3o m\u1ed9c.<\/li>\n<li><strong>V<\/strong><strong>\u1ecb<\/strong><strong> gi<\/strong><strong>\u00e1<\/strong><strong>c | Palate<\/strong>: \u0110\u1ea7u l\u01b0\u1ee1i chua thanh, sau \u0111\u00f3 ng\u1ecdt d\u1ecbu, tinh ngh\u1ecbch m\u00e0 \u0111\u1ed9c \u0111\u00e1o.<\/li>\n<li><strong>D<\/strong><strong>\u01b0<\/strong><strong> v<\/strong><strong>\u1ecb<\/strong><strong> | Finish<\/strong>: Thanh tho\u00e1t, \u0111\u1ec3 l\u1ea1i c\u1ea3m gi\u00e1c t\u01b0\u01a1i m\u1edbi nh\u01b0 h\u01a1i th\u1edf c\u1ee7a n\u00fai r\u1eebng.<\/li>\n<\/ul>\n<ol start=\"4\">\n<li><strong> Nguy\u00ean li<\/strong><strong>\u1ec7<\/strong><strong>u &amp; Quy tr<\/strong><strong>\u00ec<\/strong><strong>nh | Ingredients &amp; Craft<\/strong><\/li>\n<\/ol>\n<ul>\n<li><strong>Qu<\/strong><strong>\u1ea3<\/strong><strong> ch<\/strong><strong>\u00f2<\/strong><strong>i m<\/strong><strong>\u00f2<\/strong><strong>i<\/strong> \u2013 h\u00e1i ch\u1ecdn t\u1eeb v\u00f9ng \u0110\u1eafk L\u1eafk.<\/li>\n<li><strong>L\u00ean men t<\/strong><strong>\u1ef1<\/strong><strong> nhi<\/strong><strong>\u00ea<\/strong><strong>n<\/strong> gi\u1eef nguy\u00ean h\u01b0\u01a1ng v\u1ecb.<\/li>\n<li><strong>C<\/strong><strong>\u01b0\u1edd<\/strong><strong>ng h<\/strong><strong>\u00f3<\/strong><strong>a b<\/strong><strong>\u1eb1<\/strong><strong>ng r<\/strong><strong>\u01b0\u1ee3<\/strong><strong>u n<\/strong><strong>\u1ec1<\/strong><strong>n th<\/strong><strong>\u1ee7<\/strong><strong> c<\/strong><strong>\u00f4<\/strong><strong>ng<\/strong> \u0111\u1ec3 t\u0103ng \u0111\u1ed9 c\u1ed3n v\u00e0 chi\u1ec1u s\u00e2u h\u01b0\u01a1ng v\u1ecb.<\/li>\n<\/ul>\n<p><em>Wild <strong>choi moi fruits<\/strong> from Dak Lak, fermented and fortified with traditional spirit to enhance strength and character.<\/em><\/p>\n<ol start=\"5\">\n<li><strong> C\u00e1ch th<\/strong><strong>\u01b0\u1edf<\/strong><strong>ng th<\/strong><strong>\u1ee9<\/strong><strong>c | Serving Suggestions<\/strong><\/li>\n<\/ol>\n<ul>\n<li>U\u1ed1ng l\u1ea1nh ho\u1eb7c v\u1edbi \u0111\u00e1.<\/li>\n<li>Pha cocktail c\u00f9ng soda ho\u1eb7c tonic.<\/li>\n<li>Ph\u00f9 h\u1ee3p cho nh\u1eefng bu\u1ed5i ti\u1ec7c, khai v\u1ecb ho\u1eb7c th\u01b0\u1edfng th\u1ee9c sau b\u1eefa \u0103n.<\/li>\n<\/ul>\n<p><em>Serve chilled, on the rocks, or in refreshing cocktails. Perfect as an aperitif or after-dinner drink.<\/em><\/p>\n<ol start=\"6\">\n<li><strong> C<\/strong><strong>\u1ea3<\/strong><strong>nh b<\/strong><strong>\u00e1<\/strong><strong>o &amp; ph<\/strong><strong>\u00e1<\/strong><strong>p l<\/strong><strong>\u00fd<\/strong><strong> | Legal &amp; Responsible Drinking<\/strong><\/li>\n<\/ol>\n<ul>\n<li>Kh\u00f4ng d\u00e0nh cho ng\u01b0\u1eddi d\u01b0\u1edbi 18 tu\u1ed5i.<\/li>\n<li>U\u1ed1ng c\u00f3 tr\u00e1ch nhi\u1ec7m.<\/li>\n<\/ul>\n<p><em>Not for persons under 18. Please enjoy responsibly.<\/em><\/p>\n<ol start=\"7\">\n<li><strong> Li\u00ean h<\/strong><strong>\u1ec7<\/strong><strong> | Contact<\/strong><\/li>\n<\/ol>\n<ul>\n<li><strong>Website\/Fanpage<\/strong>: <a href=\"http:\/\/www.therickydistillery.com.vn\" target=\"_blank\" rel=\"noopener\">www.therickydistillery.com.vn<\/a><\/li>\n<li><strong>Hotline<\/strong>: 0981798777<\/li>\n<li><strong>\u0110<\/strong><strong>\u1ecb<\/strong><strong>a ch<\/strong><strong>\u1ec9<\/strong>: 75\/63\/1 Nguy\u1ec5n L\u01b0\u01a1ng B\u1eb1ng, T\u00e2n L\u1eadp, \u0110\u1eafk L\u1eafk<\/li>\n<li><strong>QR Code<\/strong>: (Scan \u0111\u1ec3 \u0111\u1eb7t h\u00e0ng)<\/li>\n<\/ul>\n<p>&nbsp;<\/p>\n","protected":false},"excerpt":{"rendered":"<table>\n<tbody>\n<tr>\n<td>DUNG T\u00cdCH<\/td>\n<td>N\u1ed2NG \u0110\u1ed8 C\u1ed2N<\/td>\n<td>QUY C\u00c1CH<\/td>\n<\/tr>\n<tr>\n<td>750ML<\/td>\n<td>18%<\/td>\n<td>\u0110\u00f3ng chai<\/td>\n<\/tr>\n<\/tbody>\n<\/table>\n","protected":false},"featured_media":443,"comment_status":"open","ping_status":"closed","template":"","meta":[],"product_brand":[],"product_cat":[19],"product_tag":[],"class_list":{"0":"post-420","1":"product","2":"type-product","3":"status-publish","4":"has-post-thumbnail","6":"product_cat-liqueur","8":"first","9":"instock","10":"sale","11":"shipping-taxable","12":"purchasable","13":"product-type-simple"},"_links":{"self":[{"href":"https:\/\/demo.gmaxagency.com\/ricky\/wp-json\/wp\/v2\/product\/420","targetHints":{"allow":["GET"]}}],"collection":[{"href":"https:\/\/demo.gmaxagency.com\/ricky\/wp-json\/wp\/v2\/product"}],"about":[{"href":"https:\/\/demo.gmaxagency.com\/ricky\/wp-json\/wp\/v2\/types\/product"}],"replies":[{"embeddable":true,"href":"https:\/\/demo.gmaxagency.com\/ricky\/wp-json\/wp\/v2\/comments?post=420"}],"wp:featuredmedia":[{"embeddable":true,"href":"https:\/\/demo.gmaxagency.com\/ricky\/wp-json\/wp\/v2\/media\/443"}],"wp:attachment":[{"href":"https:\/\/demo.gmaxagency.com\/ricky\/wp-json\/wp\/v2\/media?parent=420"}],"wp:term":[{"taxonomy":"product_brand","embeddable":true,"href":"https:\/\/demo.gmaxagency.com\/ricky\/wp-json\/wp\/v2\/product_brand?post=420"},{"taxonomy":"product_cat","embeddable":true,"href":"https:\/\/demo.gmaxagency.com\/ricky\/wp-json\/wp\/v2\/product_cat?post=420"},{"taxonomy":"product_tag","embeddable":true,"href":"https:\/\/demo.gmaxagency.com\/ricky\/wp-json\/wp\/v2\/product_tag?post=420"}],"curies":[{"name":"wp","href":"https:\/\/api.w.org\/{rel}","templated":true}]}}