{"id":422,"date":"2025-10-29T04:12:02","date_gmt":"2025-10-29T04:12:02","guid":{"rendered":"https:\/\/demo.gmaxagency.com\/ricky\/?post_type=product&#038;p=422"},"modified":"2025-12-01T02:03:35","modified_gmt":"2025-12-01T02:03:35","slug":"darlac-passion-liqueur","status":"publish","type":"product","link":"https:\/\/demo.gmaxagency.com\/ricky\/san-pham\/darlac-passion-liqueur\/","title":{"rendered":"Darlac Passion Liqueur"},"content":{"rendered":"<p style=\"text-align: center;\"><span style=\"font-size: 120%;\"><em>Tinh t\u00fay t<\/em><em>\u1eeb<\/em><em> tr\u00e1i chanh d\u00e2y cao nguy\u00ean \u2013 H<\/em><em>\u01b0\u01a1<\/em><em>ng v<\/em><em>\u1ecb<\/em><em> c<\/em><em>\u1ee7<\/em><em>a \u0111am m\u00ea v\u00e0 s<\/em><em>\u1ee9<\/em><em>c s<\/em><em>\u1ed1<\/em><em>ng<\/em><\/span><\/p>\n<p style=\"text-align: center;\"><span style=\"font-size: 120%;\"><em>Crafted from Highland Passion Fruit \u2013 Spirit of Joy and Passion<\/em><\/span><\/p>\n<p>&nbsp;<\/p>\n<h2><strong>1. Th\u00f4ng tin c<\/strong><strong>\u01a1<\/strong><strong> b<\/strong><strong>\u1ea3<\/strong><strong>n | Product Information<\/strong><\/h2>\n<p><strong>T\u00ean th<\/strong><strong>\u01b0\u01a1<\/strong><strong>ng m<\/strong><strong>\u1ea1<\/strong><strong>i | Brand name:<\/strong> Darlac Passion Liqueur<\/p>\n<p><strong>Lo<\/strong><strong>\u1ea1<\/strong><strong>i r<\/strong><strong>\u01b0\u1ee3<\/strong><strong>u | Category:<\/strong> Premium Fruit Liqueur<\/p>\n<p><strong>N<\/strong><strong>\u1ed3<\/strong><strong>ng <\/strong><strong>\u0111<\/strong><strong>\u1ed9<\/strong><strong> c<\/strong><strong>\u1ed3<\/strong><strong>n | ABV:<\/strong> 31% Alc.\/Vol.<\/p>\n<p><strong>Dung t\u00edch | Volume:<\/strong> 700 ml<\/p>\n<p><strong>Xu<\/strong><strong>\u1ea5<\/strong><strong>t x<\/strong><strong>\u1ee9<\/strong><strong> | Origin:<\/strong> \u0110\u1eafk L\u1eafk \u2013 Vi\u1ec7t Nam<\/p>\n<p><strong>Nh\u00e0 s<\/strong><strong>\u1ea3<\/strong><strong>n xu<\/strong><strong>\u1ea5<\/strong><strong>t | Producer:<\/strong> HTX Darlac \u2013 The Ricky Distillery<\/p>\n<h2><strong>2. C\u00e2u chuy<\/strong><strong>\u1ec7<\/strong><strong>n &amp; ngu<\/strong><strong>\u1ed3<\/strong><strong>n g<\/strong><strong>\u1ed1<\/strong><strong>c | Story &amp; Origin<\/strong><\/h2>\n<p>Tr\u00ean nh\u1eefng tri\u1ec1n \u0111\u1ea5t \u0111\u1ecf bazan r\u1ef1c n\u1eafng c\u1ee7a \u0110\u1eafk L\u1eafk, <strong>tr\u00e1i chanh d\u00e2y (Passion Fruit)<\/strong> ph\u00e1t tri\u1ec3n m\u1ea1nh m\u1ebd trong kh\u00ed h\u1eadu cao nguy\u00ean \u2013 n\u01a1i giao h\u00f2a gi\u1eefa n\u1eafng, gi\u00f3 v\u00e0 m\u01b0a r\u1eebng.<\/p>\n<p><strong>Darlac Passion Liqueur<\/strong> ra \u0111\u1eddi t\u1eeb nh\u1eefng qu\u1ea3 chanh d\u00e2y t\u01b0\u01a1i ch\u00edn v\u00e0ng, \u0111\u01b0\u1ee3c <strong>\u00e9p l<\/strong><strong>\u1ea1<\/strong><strong>nh, l<\/strong><strong>\u00ea<\/strong><strong>n men t<\/strong><strong>\u1ef1<\/strong><strong> nhi<\/strong><strong>\u00ea<\/strong><strong>n<\/strong> r\u1ed3i <strong>c<\/strong><strong>\u01b0\u1edd<\/strong><strong>ng h<\/strong><strong>\u00f3<\/strong><strong>a b<\/strong><strong>\u1eb1<\/strong><strong>ng r<\/strong><strong>\u01b0\u1ee3<\/strong><strong>u n<\/strong><strong>\u1ec1<\/strong><strong>n th<\/strong><strong>\u1ee7<\/strong><strong> c<\/strong><strong>\u00f4<\/strong><strong>ng c<\/strong><strong>\u1ee7<\/strong><strong>a The Ricky Distillery<\/strong>, t\u1ea1o n\u00ean <strong>d\u00f2ng r<\/strong><strong>\u01b0\u1ee3<\/strong><strong>u hoa qu<\/strong><strong>\u1ea3<\/strong><strong> \u0111<\/strong><strong>\u1ed9<\/strong><strong>c <\/strong><strong>\u0111\u00e1<\/strong><strong>o<\/strong> \u2013 v\u1eeba ng\u1ecdt ng\u00e0o, v\u1eeba ph\u00f3ng kho\u00e1ng, \u0111\u1eadm ch\u1ea5t nhi\u1ec7t \u0111\u1edbi nh\u01b0ng v\u1eabn tinh t\u1ebf nh\u01b0 m\u1ed9t lo\u1ea1i r\u01b0\u1ee3u cao c\u1ea5p.<\/p>\n<p>M\u1ed7i chai l\u00e0 s\u1ef1 k\u1ebft h\u1ee3p gi\u1eefa <strong>s<\/strong><strong>\u1ee9<\/strong><strong>c s<\/strong><strong>\u1ed1<\/strong><strong>ng c<\/strong><strong>\u1ee7<\/strong><strong>a <\/strong><strong>\u0110<\/strong><strong>\u1eaf<\/strong><strong>k L<\/strong><strong>\u1eaf<\/strong><strong>k<\/strong> v\u00e0 <strong>ngh<\/strong><strong>\u1ec7<\/strong><strong> thu<\/strong><strong>\u1ead<\/strong><strong>t ch<\/strong><strong>\u01b0<\/strong><strong>ng c<\/strong><strong>\u1ea5<\/strong><strong>t c<\/strong><strong>\u1ee7<\/strong><strong>a Darlac<\/strong> \u2013 m\u1ed9t bi\u1ec3u t\u01b0\u1ee3ng c\u1ee7a <strong>ni<\/strong><strong>\u1ec1<\/strong><strong>m <\/strong><strong>\u0111<\/strong><strong>am m<\/strong><strong>\u00ea<\/strong><strong>, s<\/strong><strong>\u00e1<\/strong><strong>ng t<\/strong><strong>\u1ea1<\/strong><strong>o v<\/strong><strong>\u00e0<\/strong><strong> tinh th<\/strong><strong>\u1ea7<\/strong><strong>n kh<\/strong><strong>\u00f4<\/strong><strong>ng ng<\/strong><strong>\u1eeb<\/strong><strong>ng v<\/strong><strong>\u01b0\u01a1<\/strong><strong>n l<\/strong><strong>\u00ea<\/strong><strong>n c<\/strong><strong>\u1ee7<\/strong><strong>a ng<\/strong><strong>\u01b0\u1edd<\/strong><strong>i T<\/strong><strong>\u00e2<\/strong><strong>y Nguy<\/strong><strong>\u00ea<\/strong><strong>n.<\/strong><\/p>\n<p>From the sunny red basalt soil of Dak Lak\u2019s highlands, Darlac Passion Liqueur captures the vibrant soul of passion fruit \u2014 naturally fermented and blended with handcrafted highland spirit. It\u2019s a celebration of freshness, passion, and craftsmanship.<\/p>\n<h2><strong>3. H<\/strong><strong>\u01b0\u01a1<\/strong><strong>ng v<\/strong><strong>\u1ecb<\/strong><strong> | Tasting Notes<\/strong><\/h2>\n<p><strong>M\u00e0u s<\/strong><strong>\u1eaf<\/strong><strong>c | Appearance:<\/strong> V\u00e0ng h\u1ed5 ph\u00e1ch s\u00e1ng, \u00e1nh v\u00e0ng chanh t\u01b0\u01a1i m\u00e1t.<\/p>\n<p><strong>M\u00f9i h<\/strong><strong>\u01b0\u01a1<\/strong><strong>ng | Aroma:<\/strong> H\u01b0\u01a1ng chanh d\u00e2y n\u1ed3ng n\u00e0n, quy\u1ec7n ch\u00fat cam, m\u1eadt ong v\u00e0 th\u1ea3o m\u1ed9c nh\u1eb9.<\/p>\n<p><strong>V<\/strong><strong>\u1ecb<\/strong><strong> gi<\/strong><strong>\u00e1<\/strong><strong>c | Palate:<\/strong> M\u1edf \u0111\u1ea7u chua nh\u1eb9, sau \u0111\u00f3 ng\u1ecdt d\u1ecbu v\u00e0 c\u00e2n b\u1eb1ng; c\u1ea3m gi\u00e1c m\u01b0\u1ee3t m\u00e0, t\u01b0\u01a1i s\u00e1ng.<\/p>\n<p><strong>D<\/strong><strong>\u01b0<\/strong><strong> v<\/strong><strong>\u1ecb<\/strong><strong> | Finish:<\/strong> Thanh, d\u00e0i v\u00e0 \u1ea5m \u00e1p, \u0111\u1ec3 l\u1ea1i h\u1eadu v\u1ecb tr\u00e1i c\u00e2y ng\u1ecdt d\u1ecbu c\u00f9ng ch\u00fat cay nh\u1eb9 t\u1ef1 nhi\u00ean.<\/p>\n<p>Bright amber color with tropical passion fruit aroma, honeyed sweetness, and subtle citrus notes. Smooth, well-balanced palate with a lingering, vibrant finish.<\/p>\n<h2><strong>4. Nguy\u00ean li<\/strong><strong>\u1ec7<\/strong><strong>u &amp; Quy tr<\/strong><strong>\u00ec<\/strong><strong>nh | Ingredients &amp; Craft<\/strong><\/h2>\n<ul>\n<li><strong>Chanh d\u00e2y \u0110<\/strong><strong>\u1eaf<\/strong><strong>k L<\/strong><strong>\u1eaf<\/strong><strong>k t<\/strong><strong>\u01b0\u01a1<\/strong><strong>i ch<\/strong><strong>\u1ecd<\/strong><strong>n l<\/strong><strong>\u1ecd<\/strong><strong>c<\/strong> \u2013 thu h\u00e1i khi \u0111\u1ed9 ch\u00edn \u0111\u1ea1t h\u01b0\u01a1ng th\u01a1m m\u1ea1nh nh\u1ea5<\/li>\n<li><strong>\u00c9p l<\/strong><strong>\u1ea1<\/strong><strong>nh, l<\/strong><strong>\u1ecd<\/strong><strong>c s<\/strong><strong>\u01a1<\/strong> \u0111\u1ec3 gi\u1eef tr\u1ecdn h\u01b0\u01a1ng t\u1ef1 nhi\u00ean v\u00e0 v\u1ecb acid nh\u1eb9 c\u1ee7a tr\u00e1<\/li>\n<li><strong>L\u00ean men t<\/strong><strong>\u1ef1<\/strong><strong> nhi<\/strong><strong>\u00ea<\/strong><strong>n<\/strong> k\u1ebft h\u1ee3p <strong>r<\/strong><strong>\u01b0\u1ee3<\/strong><strong>u n<\/strong><strong>\u1ec1<\/strong><strong>n th<\/strong><strong>\u1ee7<\/strong><strong> c<\/strong><strong>\u00f4<\/strong><strong>ng <\/strong><strong>\u1ee7<\/strong><strong> trong chum s\u00e0nh<\/strong> t\u1eeb HTX Darlac \u0111\u1ec3 \u0111\u1ea1t 31% Alc.\/Vol.<\/li>\n<li><strong>\u1ee6<\/strong><strong> l<\/strong><strong>\u1ea1<\/strong><strong>nh <\/strong><strong>\u1ed5<\/strong><strong>n <\/strong><strong>\u0111<\/strong><strong>\u1ecb<\/strong><strong>nh h<\/strong><strong>\u01b0\u01a1<\/strong><strong>ng v<\/strong><strong>\u1ecb<\/strong> trong 60 ng\u00e0y tr\u01b0\u1edbc khi \u0111\u00f3ng chai.<\/li>\n<\/ul>\n<p>Fresh passion fruits from the Darlac Highlands are cold-pressed and naturally fermented, then fortified with handcrafted oak-aged spirit to achieve 31% ABV. The result is a refined tropical liqueur with depth, freshness, and character.<\/p>\n<h2><strong>5. C\u00e1ch th<\/strong><strong>\u01b0\u1edf<\/strong><strong>ng th<\/strong><strong>\u1ee9<\/strong><strong>c | Serving Suggestions<\/strong><\/h2>\n<ul>\n<li>U\u1ed1ng l\u1ea1nh nguy\u00ean ch\u1ea5t ho\u1eb7c d\u00f9ng v\u1edbi \u0111\u00e1 \u0111\u1ec3 c\u1ea3m nh\u1eadn v\u1ecb ng\u1ecdt \u2013 chua c\u00e2n b\u1eb1<\/li>\n<li>Tuy\u1ec7t v\u1eddi khi pha c\u00f9ng <strong>champagne, soda ho<\/strong><strong>\u1eb7<\/strong><strong>c tonic<\/strong> \u0111\u1ec3 t\u1ea1o th\u00e0nh cocktail nh\u1eb9.<\/li>\n<li>Th\u00edch h\u1ee3p cho <strong>c\u00e1c bu<\/strong><strong>\u1ed5<\/strong><strong>i ti<\/strong><strong>\u1ec7<\/strong><strong>c, khai v<\/strong><strong>\u1ecb<\/strong><strong>, ho<\/strong><strong>\u1eb7<\/strong><strong>c qu<\/strong><strong>\u00e0<\/strong><strong> t<\/strong><strong>\u1eb7<\/strong><strong>ng tinh t<\/strong><strong>\u1ebf<\/strong><strong> mang h<\/strong><strong>\u01b0\u01a1<\/strong><strong>ng v<\/strong><strong>\u1ecb<\/strong><strong> Vi<\/strong><strong>\u1ec7<\/strong><\/li>\n<\/ul>\n<p>Serve chilled, on the rocks, or mix with sparkling wine or soda for a refreshing cocktail. Ideal for aperitifs or as a stylish, tropical-inspired gift.<\/p>\n<h2><strong>6. C<\/strong><strong>\u1ea3<\/strong><strong>nh b<\/strong><strong>\u00e1<\/strong><strong>o &amp; ph<\/strong><strong>\u00e1<\/strong><strong>p l<\/strong><strong>\u00fd<\/strong><strong> | Legal &amp; Responsible Drinking<\/strong><\/h2>\n<p>Kh\u00f4ng d\u00e0nh cho ng\u01b0\u1eddi d\u01b0\u1edbi 18 tu\u1ed5i.<\/p>\n<p>U\u1ed1ng c\u00f3 tr\u00e1ch nhi\u1ec7m \u2013 \u201cDrink less, enjoy more.\u201d<\/p>\n<p><em>Not for persons under 18. Please enjoy responsibly.<\/em><\/p>\n<h2><strong>7. Li\u00ean h<\/strong><strong>\u1ec7<\/strong><strong> | Contact<\/strong><\/h2>\n<p><strong>Website:<\/strong> <a href=\"http:\/\/www.therickydistillery.com.vn\" target=\"_blank\" rel=\"noopener\">www.therickydistillery.com.vn<\/a><\/p>\n<p><strong>Hotline:<\/strong> 0981 798 777<\/p>\n<p><strong>\u0110<\/strong><strong>\u1ecb<\/strong><strong>a ch<\/strong><strong>\u1ec9<\/strong><strong> | Address:<\/strong> 75\/63\/1 Nguy\u1ec5n L\u01b0\u01a1ng B\u1eb1ng, P. T\u00e2n L\u1eadp, TP. Bu\u00f4n Ma Thu\u1ed9t, \u0110\u1eafk L\u1eafk<\/p>\n<p><strong>QR Code:<\/strong> (Scan \u0111\u1ec3 \u0111\u1eb7t h\u00e0ng \/ Scan to order)<\/p>\n<p><strong>\u201cTaste the Passion of the Highlands.\u201d<\/strong><\/p>\n<p><em>(Th<\/em><em>\u01b0\u1edf<\/em><em>ng th<\/em><em>\u1ee9<\/em><em>c h<\/em><em>\u01b0\u01a1<\/em><em>ng v<\/em><em>\u1ecb<\/em><em> c<\/em><em>\u1ee7<\/em><em>a <\/em><em>\u0111<\/em><em>am m<\/em><em>\u00ea<\/em><em> t<\/em><em>\u1eeb<\/em><em> cao nguy<\/em><em>\u00ea<\/em><em>n <\/em><em>\u0110<\/em><em>\u1eaf<\/em><em>k L<\/em><em>\u1eaf<\/em><em>k.)<\/em><\/p>\n","protected":false},"excerpt":{"rendered":"<table>\n<tbody>\n<tr>\n<td>DUNG T\u00cdCH<\/td>\n<td>N\u1ed2NG \u0110\u1ed8 C\u1ed2N<\/td>\n<td>QUY C\u00c1CH<\/td>\n<\/tr>\n<tr>\n<td>750ML<\/td>\n<td>31%<\/td>\n<td>\u0110\u00f3ng chai<\/td>\n<\/tr>\n<\/tbody>\n<\/table>\n","protected":false},"featured_media":442,"comment_status":"open","ping_status":"closed","template":"","meta":[],"product_brand":[],"product_cat":[19],"product_tag":[],"class_list":{"0":"post-422","1":"product","2":"type-product","3":"status-publish","4":"has-post-thumbnail","6":"product_cat-liqueur","8":"first","9":"instock","10":"sale","11":"shipping-taxable","12":"purchasable","13":"product-type-simple"},"_links":{"self":[{"href":"https:\/\/demo.gmaxagency.com\/ricky\/wp-json\/wp\/v2\/product\/422","targetHints":{"allow":["GET"]}}],"collection":[{"href":"https:\/\/demo.gmaxagency.com\/ricky\/wp-json\/wp\/v2\/product"}],"about":[{"href":"https:\/\/demo.gmaxagency.com\/ricky\/wp-json\/wp\/v2\/types\/product"}],"replies":[{"embeddable":true,"href":"https:\/\/demo.gmaxagency.com\/ricky\/wp-json\/wp\/v2\/comments?post=422"}],"wp:featuredmedia":[{"embeddable":true,"href":"https:\/\/demo.gmaxagency.com\/ricky\/wp-json\/wp\/v2\/media\/442"}],"wp:attachment":[{"href":"https:\/\/demo.gmaxagency.com\/ricky\/wp-json\/wp\/v2\/media?parent=422"}],"wp:term":[{"taxonomy":"product_brand","embeddable":true,"href":"https:\/\/demo.gmaxagency.com\/ricky\/wp-json\/wp\/v2\/product_brand?post=422"},{"taxonomy":"product_cat","embeddable":true,"href":"https:\/\/demo.gmaxagency.com\/ricky\/wp-json\/wp\/v2\/product_cat?post=422"},{"taxonomy":"product_tag","embeddable":true,"href":"https:\/\/demo.gmaxagency.com\/ricky\/wp-json\/wp\/v2\/product_tag?post=422"}],"curies":[{"name":"wp","href":"https:\/\/api.w.org\/{rel}","templated":true}]}}