{"id":426,"date":"2025-10-29T08:54:50","date_gmt":"2025-10-29T08:54:50","guid":{"rendered":"https:\/\/demo.gmaxagency.com\/ricky\/?post_type=product&#038;p=426"},"modified":"2025-12-01T02:02:28","modified_gmt":"2025-12-01T02:02:28","slug":"the-ricky-quarter-cask-whisky","status":"publish","type":"product","link":"https:\/\/demo.gmaxagency.com\/ricky\/san-pham\/the-ricky-quarter-cask-whisky\/","title":{"rendered":"The Ricky Quarter Cask Whisky"},"content":{"rendered":"<p style=\"text-align: center;\"><span style=\"font-size: 120%;\"><strong>The Ricky Quarter Cask Whisky<\/strong><\/span><\/p>\n<p style=\"text-align: center;\"><span style=\"font-size: 120%;\"><strong>H<\/strong><strong>\u1ed3<\/strong><strong>n g<\/strong><strong>\u1ea1<\/strong><strong>o n<\/strong><strong>\u1ebf<\/strong><strong>p v<\/strong><strong>\u00e0<\/strong><strong> h<\/strong><strong>\u01b0\u01a1<\/strong><strong>ng r<\/strong><strong>\u1eeb<\/strong><strong>ng T<\/strong><strong>\u00e2<\/strong><strong>y Nguy<\/strong><strong>\u00ea<\/strong><strong>n<\/strong><\/span><\/p>\n<ol>\n<li><strong> Kh<\/strong><strong>\u1edf<\/strong><strong>i ngu<\/strong><strong>\u1ed3<\/strong><strong>n t<\/strong><strong>\u1eeb<\/strong><strong> v<\/strong><strong>\u00f9<\/strong><strong>ng <\/strong><strong>\u0111<\/strong><strong>\u1ea5<\/strong><strong>t c<\/strong><strong>\u1ee7<\/strong><strong>a n<\/strong><strong>\u1eaf<\/strong><strong>ng, gi<\/strong><strong>\u00f3<\/strong><strong> v<\/strong><strong>\u00e0<\/strong> <strong>\u0111<\/strong><strong>\u1ea1<\/strong><strong>i ng<\/strong><strong>\u00e0<\/strong><strong>n<\/strong><\/li>\n<\/ol>\n<p>Gi\u1eefa l\u00f2ng \u0110\u1eafk L\u1eafk \u2013 n\u01a1i ti\u1ebfng c\u1ed3ng chi\u00eang ng\u00e2n vang qua t\u1eebng ng\u1ecdn gi\u00f3, n\u01a1i r\u1eebng gi\u00e0 v\u00e0 cao nguy\u00ean h\u00f2a quy\u1ec7n v\u00e0o nhau, <strong>The Ricky Distillery<\/strong> ra \u0111\u1eddi nh\u01b0 m\u1ed9t s\u1ef1 giao thoa gi\u1eefa truy\u1ec1n th\u1ed1ng v\u00e0 tinh hoa hi\u1ec7n \u0111\u1ea1i.<br \/>\nT\u1eeb nh\u1eefng h\u1ea1t <strong>g<\/strong><strong>\u1ea1<\/strong><strong>o n<\/strong><strong>\u1ebf<\/strong><strong>p 87\/97<\/strong> \u2013 \u0111\u1eb7c s\u1ea3n c\u1ee7a cao nguy\u00ean bazan, \u0111\u01b0\u1ee3c ng\u01b0\u1eddi d\u00e2n \u01b0\u01a1m tr\u1ed3ng tr\u00ean n\u01b0\u01a1ng r\u1eaby \u0111\u1ecf au d\u01b0\u1edbi n\u1eafng v\u00e0 gi\u00f3, d\u00f2ng r\u01b0\u1ee3u <strong>The Ricky Quarter Cask Whisky<\/strong> mang trong m\u00ecnh h\u01b0\u01a1ng v\u1ecb c\u1ee7a \u0111\u1ea5t tr\u1eddi, c\u1ee7a m\u1ed3 h\u00f4i ng\u01b0\u1eddi th\u1ee3, v\u00e0 c\u1ee7a v\u0103n h\u00f3a T\u00e2y Nguy\u00ean s\u00e2u th\u1eb3m.<\/p>\n<ol start=\"2\">\n<li><strong> Tinh hoa ch<\/strong><strong>\u1ebf<\/strong><strong> t<\/strong><strong>\u00e1<\/strong><strong>c <\/strong><strong>\u2013<\/strong><strong> ngh<\/strong><strong>\u1ec7<\/strong><strong> thu<\/strong><strong>\u1ead<\/strong><strong>t <\/strong><strong>\u1ee7<\/strong><strong> nh<\/strong><strong>\u1ecf<\/strong><strong> gi<\/strong><strong>\u1eef<\/strong><strong>a l<\/strong><strong>\u00f2<\/strong><strong>ng <\/strong><strong>\u0111<\/strong><strong>\u1ea1<\/strong><strong>i ng<\/strong><strong>\u00e0<\/strong><strong>n<\/strong><\/li>\n<\/ol>\n<p>The Ricky Quarter Cask Whisky \u0111\u01b0\u1ee3c ch\u01b0ng c\u1ea5t t\u1eeb <strong>men truy<\/strong><strong>\u1ec1<\/strong><strong>n th<\/strong><strong>\u1ed1<\/strong><strong>ng ph<\/strong><strong>\u1ed1<\/strong><strong>i h<\/strong><strong>\u1ee3<\/strong><strong>p v<\/strong><strong>\u1edb<\/strong><strong>i men c<\/strong><strong>\u00f4<\/strong><strong>ng nghi<\/strong><strong>\u1ec7<\/strong><strong>p Saccharomyces cerevisiae<\/strong>, \u0111\u1ea3m b\u1ea3o \u0111\u1ed9 tinh khi\u1ebft nh\u01b0ng v\u1eabn l\u01b0u gi\u1eef tr\u1ecdn h\u1ed3n n\u1ebfp x\u01b0a.<br \/>\nSau qu\u00e1 tr\u00ecnh <strong>l\u00ean men v\u00e0 ch<\/strong><strong>\u01b0<\/strong><strong>ng c<\/strong><strong>\u1ea5<\/strong><strong>t ba t<\/strong><strong>\u1ea7<\/strong><strong>ng<\/strong>, d\u00f2ng r\u01b0\u1ee3u \u0111\u01b0\u1ee3c \u1ee7 <strong>hai giai \u0111o<\/strong><strong>\u1ea1<\/strong><strong>n <\/strong><strong>\u0111<\/strong><strong>\u1eb7<\/strong><strong>c bi<\/strong><strong>\u1ec7<\/strong><strong>t<\/strong>:<\/p>\n<ul>\n<li><strong>\u1ee6<\/strong><strong> trong chum s<\/strong><strong>\u00e0<\/strong><strong>nh c<\/strong><strong>\u00f9<\/strong><strong>ng g<\/strong><strong>\u1ed7<\/strong><strong> s<\/strong><strong>\u1ed3<\/strong><strong>i n<\/strong><strong>\u01b0\u1edb<\/strong><strong>ng nh<\/strong><strong>\u1eb9<\/strong><strong> (1 th<\/strong><strong>\u00e1<\/strong><strong>ng)<\/strong> \u2013 gi\u00fap r\u01b0\u1ee3u \u201cth\u1edf\u201d v\u00e0 h\u1ea5p th\u1ee5 nh\u1eefng n\u1ed1t h\u01b0\u01a1ng kh\u00f3i, caramel, vani \u0111\u1ea7u ti\u00ean.<\/li>\n<li><strong>\u1ee6<\/strong><strong> ti<\/strong><strong>\u1ebf<\/strong><strong>p trong th<\/strong><strong>\u00f9<\/strong><strong>ng g<\/strong><strong>\u1ed7<\/strong><strong> s<\/strong><strong>\u1ed3<\/strong><strong>i 50 l<\/strong><strong>\u00ed<\/strong><strong>t (3 th<\/strong><strong>\u00e1<\/strong><strong>ng)<\/strong> \u2013 lo\u1ea1i <strong>Q<\/strong><strong>uarter cask<\/strong> v\u1edbi t\u1ec9 l\u1ec7 ti\u1ebfp x\u00fac g\u1ed7-r\u01b0\u1ee3u cao, t\u1ea1o ra s\u1ef1 c\u00f4 \u0111\u1eb7c v\u00e0 \u0111\u1ed9 s\u00e2u hi\u1ebfm c\u00f3.<\/li>\n<\/ul>\n<p>S\u1ef1 k\u1ebft h\u1ee3p gi\u1eefa <strong>70% g<\/strong><strong>\u1ed7<\/strong><strong> s<\/strong><strong>\u1ed3<\/strong><strong>i M<\/strong><strong>\u1ef9<\/strong><strong> (Medium Toast)<\/strong> v\u00e0 <strong>30% g<\/strong><strong>\u1ed7<\/strong><strong> s<\/strong><strong>\u1ed3<\/strong><strong>i ch<\/strong><strong>\u00e2<\/strong><strong>u <\/strong><strong>\u00c2<\/strong><strong>u (Heavy Toast)<\/strong> t\u1ea1o n\u00ean b\u1ea3n h\u00f2a t\u1ea5u gi\u1eefa <strong>v<\/strong><strong>\u1ecb<\/strong><strong> ng<\/strong><strong>\u1ecd<\/strong><strong>t d<\/strong><strong>\u1ecb<\/strong><strong>u c<\/strong><strong>\u1ee7<\/strong><strong>a vani, caramel<\/strong> v\u00e0 <strong>h<\/strong><strong>\u1ead<\/strong><strong>u v<\/strong><strong>\u1ecb<\/strong><strong> tr<\/strong><strong>\u00e1<\/strong><strong>i c<\/strong><strong>\u00e2<\/strong><strong>y kh<\/strong><strong>\u00f4<\/strong><strong>, gia v<\/strong><strong>\u1ecb<\/strong> <strong>\u1ea5<\/strong><strong>m n<\/strong><strong>\u1ed3<\/strong><strong>ng nh<\/strong><strong>\u01b0<\/strong><strong> qu<\/strong><strong>\u1ebf<\/strong><strong> v<\/strong><strong>\u00e0<\/strong> <strong>\u0111<\/strong><strong>inh h<\/strong><strong>\u01b0\u01a1<\/strong><strong>ng<\/strong>.<\/p>\n<ol start=\"3\">\n<li><strong> H<\/strong><strong>\u01b0\u01a1<\/strong><strong>ng v<\/strong><strong>\u1ecb<\/strong><strong> mang linh h<\/strong><strong>\u1ed3<\/strong><strong>n T<\/strong><strong>\u00e2<\/strong><strong>y Nguy<\/strong><strong>\u00ea<\/strong><strong>n<\/strong><\/li>\n<\/ol>\n<p>M\u1ed7i gi\u1ecdt r\u01b0\u1ee3u l\u00e0 s\u1ef1 k\u1ebft tinh c\u1ee7a <strong>g<\/strong><strong>\u1ea1<\/strong><strong>o n<\/strong><strong>\u1ebf<\/strong><strong>p <\/strong><strong>\u2013<\/strong><strong> n<\/strong><strong>\u01b0\u1edb<\/strong><strong>c ngu<\/strong><strong>\u1ed3<\/strong><strong>n <\/strong><strong>\u2013<\/strong><strong> v<\/strong><strong>\u00e0<\/strong><strong> g<\/strong><strong>\u1ed7<\/strong><strong> s<\/strong><strong>\u1ed3<\/strong><strong>i<\/strong>, h\u00f2a trong <strong>kh\u00ed h<\/strong><strong>\u1ead<\/strong><strong>u kh<\/strong><strong>\u00f4<\/strong><strong> l<\/strong><strong>\u1ea1<\/strong><strong>nh c<\/strong><strong>\u1ee7<\/strong><strong>a cao nguy<\/strong><strong>\u00ea<\/strong><strong>n<\/strong>.<br \/>\nThe Ricky Quarter Cask Whisky m\u1edf ra t\u1ea7ng h\u01b0\u01a1ng <strong>vanilla, m<\/strong><strong>\u1ead<\/strong><strong>t ong v<\/strong><strong>\u00e0<\/strong><strong> kh<\/strong><strong>\u00f3<\/strong><strong>i nh<\/strong><strong>\u1eb9<\/strong>, sau \u0111\u00f3 lan t\u1ecfa <strong>v<\/strong><strong>\u1ecb<\/strong><strong> ng<\/strong><strong>\u1ecd<\/strong><strong>t thanh t<\/strong><strong>\u1ef1<\/strong><strong> nhi<\/strong><strong>\u00ea<\/strong><strong>n<\/strong> c\u1ee7a n\u1ebfp, k\u1ebf \u0111\u1ebfn l\u00e0 <strong>gia v<\/strong><strong>\u1ecb<\/strong><strong> tr<\/strong><strong>\u1ea7<\/strong><strong>m <\/strong><strong>\u1ea5<\/strong><strong>m<\/strong> t\u1ef1a nh\u01b0 nh\u1eefng \u0111\u00eam l\u1eeda tr\u1ea1i gi\u1eefa r\u1eebng Ea S\u00fap hay S\u00ear\u00eap\u1ed1k.<br \/>\n\u0110\u00f3 l\u00e0 c\u1ea3m gi\u00e1c <strong>\u1ea5<\/strong><strong>m <\/strong><strong>\u00e1<\/strong><strong>p, m<\/strong><strong>\u1ed9<\/strong><strong>c m<\/strong><strong>\u1ea1<\/strong><strong>c m<\/strong><strong>\u00e0<\/strong><strong> tinh t<\/strong><strong>\u1ebf<\/strong>, nh\u01b0 ch\u00ednh con ng\u01b0\u1eddi \u0110\u1eafk L\u1eafk \u2013 ch\u00e2n th\u00e0nh, b\u1ec1n b\u1ec9 v\u00e0 s\u00e2u s\u1eafc.<\/p>\n<ol start=\"4\">\n<li><strong> T<\/strong><strong>\u1ef1<\/strong><strong> h<\/strong><strong>\u00e0<\/strong><strong>o tinh th<\/strong><strong>\u1ea7<\/strong><strong>n th<\/strong><strong>\u1ee7<\/strong><strong> c<\/strong><strong>\u00f4<\/strong><strong>ng <\/strong><strong>\u2013<\/strong><strong> Crafted in Darlac Highlands<\/strong><\/li>\n<\/ol>\n<p>Kh\u00f4ng ph\u1ea3i ng\u1eabu nhi\u00ean d\u00f2ng whisky n\u00e0y mang t\u00ean <strong>\u201cQuarter Cask\u201d<\/strong>.<br \/>\nTrong th\u1ebf gi\u1edbi whisky, \u1ee7 trong th\u00f9ng nh\u1ecf l\u00e0 ngh\u1ec7 thu\u1eadt c\u1ee7a nh\u1eefng nh\u00e0 ch\u01b0ng c\u1ea5t th\u1ee7 c\u00f4ng \u2013 n\u01a1i th\u1eddi gian, h\u01a1i th\u1edf g\u1ed7, v\u00e0 t\u00e2m huy\u1ebft c\u1ee7a ng\u01b0\u1eddi th\u1ee3 h\u00f2a l\u00e0m m\u1ed9t.<br \/>\nT\u1ea1i <strong>The Ricky Distillery<\/strong>, m\u1ed7i th\u00f9ng g\u1ed7 \u0111\u01b0\u1ee3c ch\u1ecdn l\u1ecdc, m\u1ed7i chum s\u00e0nh \u0111\u01b0\u1ee3c r\u1eeda s\u1ea1ch b\u1eb1ng n\u01b0\u1edbc ngu\u1ed3n T\u00e2y Nguy\u00ean, v\u00e0 m\u1ed7i l\u1ea7n khu\u1ea5y \u0111\u1ec1u \u0111\u01b0\u1ee3c ghi ch\u00e9p t\u1ec9 m\u1ec9 nh\u01b0 m\u1ed9t nghi th\u1ee9c.<br \/>\n\u0110\u00f3 kh\u00f4ng ch\u1ec9 l\u00e0 s\u1ea3n xu\u1ea5t \u2013 m\u00e0 l\u00e0 <strong>m<\/strong><strong>\u1ed9<\/strong><strong>t nghi l<\/strong><strong>\u1ec5<\/strong><strong> c<\/strong><strong>\u1ee7<\/strong><strong>a s<\/strong><strong>\u1ef1<\/strong><strong> t<\/strong><strong>\u00f4<\/strong><strong>n tr<\/strong><strong>\u1ecd<\/strong><strong>ng d<\/strong><strong>\u00e0<\/strong><strong>nh cho h<\/strong><strong>\u01b0\u01a1<\/strong><strong>ng v<\/strong><strong>\u1ecb<\/strong><strong> v<\/strong><strong>\u00e0<\/strong><strong> truy<\/strong><strong>\u1ec1<\/strong><strong>n th<\/strong><strong>\u1ed1<\/strong><strong>ng<\/strong>.<\/p>\n<ol start=\"5\">\n<li><strong> Bi<\/strong><strong>\u1ec3<\/strong><strong>u t<\/strong><strong>\u01b0\u1ee3<\/strong><strong>ng c<\/strong><strong>\u1ee7<\/strong><strong>a <\/strong><strong>\u201c<\/strong><strong>Tinh th<\/strong><strong>\u1ea7<\/strong><strong>n T<\/strong><strong>\u00e2<\/strong><strong>y Nguy<\/strong><strong>\u00ea<\/strong><strong>n <\/strong><strong>\u0111<\/strong><strong>\u01b0\u01a1<\/strong><strong>ng <\/strong><strong>\u0111<\/strong><strong>\u1ea1<\/strong><strong>i<\/strong><strong>\u201d<\/strong><\/li>\n<\/ol>\n<p>The Ricky Quarter Cask Whisky kh\u00f4ng ch\u1ec9 l\u00e0 r\u01b0\u1ee3u \u2013 m\u00e0 l\u00e0 <strong>m<\/strong><strong>\u1ed9<\/strong><strong>t b<\/strong><strong>\u1ea3<\/strong><strong>n giao h<\/strong><strong>\u01b0\u1edf<\/strong><strong>ng gi<\/strong><strong>\u1eef<\/strong><strong>a c<\/strong><strong>\u1ed5<\/strong><strong> truy<\/strong><strong>\u1ec1<\/strong><strong>n v<\/strong><strong>\u00e0<\/strong><strong> hi<\/strong><strong>\u1ec7<\/strong><strong>n <\/strong><strong>\u0111<\/strong><strong>\u1ea1<\/strong><strong>i<\/strong>, gi\u1eefa <strong>n<\/strong><strong>\u1ebf<\/strong><strong>p h<\/strong><strong>\u01b0\u01a1<\/strong><strong>ng b<\/strong><strong>\u1ea3<\/strong><strong>n <\/strong><strong>\u0111<\/strong><strong>\u1ecb<\/strong><strong>a v<\/strong><strong>\u00e0<\/strong><strong> k<\/strong><strong>\u1ef9<\/strong><strong> thu<\/strong><strong>\u1ead<\/strong><strong>t th<\/strong><strong>\u1ebf<\/strong><strong> gi<\/strong><strong>\u1edb<\/strong><strong>i<\/strong>, gi\u1eefa <strong>ng<\/strong><strong>\u01b0\u1edd<\/strong><strong>i T<\/strong><strong>\u00e2<\/strong><strong>y Nguy<\/strong><strong>\u00ea<\/strong><strong>n v<\/strong><strong>\u00e0<\/strong><strong> tinh th<\/strong><strong>\u1ea7<\/strong><strong>n qu<\/strong><strong>\u1ed1<\/strong><strong>c t<\/strong><strong>\u1ebf<\/strong>.<br \/>\nM\u1ed7i chai whisky \u0111\u01b0\u1ee3c xem nh\u01b0 <strong>m<\/strong><strong>\u1ed9<\/strong><strong>t l<\/strong><strong>\u1edd<\/strong><strong>i m<\/strong><strong>\u1edd<\/strong><strong>i g<\/strong><strong>\u1ecd<\/strong><strong>i<\/strong> \u2013 \u0111\u1ec3 ng\u01b0\u1eddi th\u01b0\u1edfng th\u1ee9c c\u1ea3m nh\u1eadn h\u01b0\u01a1ng g\u1ea1o n\u1ebfp trong gi\u00f3, v\u1ecb g\u1ed7 s\u1ed3i trong kh\u00f3i, v\u00e0 h\u01a1i \u1ea5m c\u1ee7a \u0111\u1ea5t bazan trong t\u1eebng gi\u1ecdt v\u00e0ng h\u1ed5 ph\u00e1ch.<\/p>\n<p style=\"text-align: center;\"><strong>\u201cBorn of Rice, Raised by Oak \u2013 Crafted in the Highlands.\u201d<\/strong><br \/>\n(Sinh ra t\u1eeb h\u1ea1t n\u1ebfp, l\u1edbn l\u00ean trong g\u1ed7 s\u1ed3i \u2013 \u0111\u01b0\u1ee3c ch\u01b0ng c\u1ea5t gi\u1eefa \u0111\u1ea1i ng\u00e0n.)<\/p>\n<p>&nbsp;<\/p>\n","protected":false},"excerpt":{"rendered":"<table>\n<tbody>\n<tr>\n<td>DUNG T\u00cdCH<\/td>\n<td>N\u1ed2NG \u0110\u1ed8 C\u1ed2N<\/td>\n<td>QUY C\u00c1CH<\/td>\n<\/tr>\n<tr>\n<td>700ML<\/td>\n<td>40%<\/td>\n<td>\u0110\u00f3ng chai,<br \/>\nc\u00f3 h\u1ed9p<\/td>\n<\/tr>\n<\/tbody>\n<\/table>\n","protected":false},"featured_media":441,"comment_status":"open","ping_status":"closed","template":"","meta":[],"product_brand":[],"product_cat":[17],"product_tag":[],"class_list":{"0":"post-426","1":"product","2":"type-product","3":"status-publish","4":"has-post-thumbnail","6":"product_cat-whisky","8":"first","9":"instock","10":"sale","11":"shipping-taxable","12":"purchasable","13":"product-type-simple"},"_links":{"self":[{"href":"https:\/\/demo.gmaxagency.com\/ricky\/wp-json\/wp\/v2\/product\/426","targetHints":{"allow":["GET"]}}],"collection":[{"href":"https:\/\/demo.gmaxagency.com\/ricky\/wp-json\/wp\/v2\/product"}],"about":[{"href":"https:\/\/demo.gmaxagency.com\/ricky\/wp-json\/wp\/v2\/types\/product"}],"replies":[{"embeddable":true,"href":"https:\/\/demo.gmaxagency.com\/ricky\/wp-json\/wp\/v2\/comments?post=426"}],"wp:featuredmedia":[{"embeddable":true,"href":"https:\/\/demo.gmaxagency.com\/ricky\/wp-json\/wp\/v2\/media\/441"}],"wp:attachment":[{"href":"https:\/\/demo.gmaxagency.com\/ricky\/wp-json\/wp\/v2\/media?parent=426"}],"wp:term":[{"taxonomy":"product_brand","embeddable":true,"href":"https:\/\/demo.gmaxagency.com\/ricky\/wp-json\/wp\/v2\/product_brand?post=426"},{"taxonomy":"product_cat","embeddable":true,"href":"https:\/\/demo.gmaxagency.com\/ricky\/wp-json\/wp\/v2\/product_cat?post=426"},{"taxonomy":"product_tag","embeddable":true,"href":"https:\/\/demo.gmaxagency.com\/ricky\/wp-json\/wp\/v2\/product_tag?post=426"}],"curies":[{"name":"wp","href":"https:\/\/api.w.org\/{rel}","templated":true}]}}