{"id":434,"date":"2025-10-29T09:08:01","date_gmt":"2025-10-29T09:08:01","guid":{"rendered":"https:\/\/demo.gmaxagency.com\/ricky\/?post_type=product&#038;p=434"},"modified":"2025-12-01T02:00:43","modified_gmt":"2025-12-01T02:00:43","slug":"darlac-wild-apple-liqueur","status":"publish","type":"product","link":"https:\/\/demo.gmaxagency.com\/ricky\/san-pham\/darlac-wild-apple-liqueur\/","title":{"rendered":"Darlac Wild Apple Liqueur"},"content":{"rendered":"<h3 style=\"text-align: center;\"><span style=\"font-size: 100%;\"><em>Tinh t\u00fay t<\/em><em>\u1eeb<\/em><em> t<\/em><em>\u00e1<\/em><em>o m<\/em><em>\u00e8<\/em><em>o T<\/em><em>\u00e2<\/em><em>y B<\/em><em>\u1eaf<\/em><em>c <\/em><em>\u2013<\/em><em> Linh h<\/em><em>\u1ed3<\/em><em>n <\/em><em>\u0111<\/em><em>\u01b0\u1ee3<\/em><em>c <\/em><em>\u0111\u00e1<\/em><em>nh th<\/em><em>\u1ee9<\/em><em>c <\/em><em>\u1edf<\/em><em> cao nguy\u00ean \u0110<\/em><em>\u1eaf<\/em><em>k L<\/em><em>\u1eaf<\/em><em>k<\/em><\/span><\/h3>\n<p style=\"text-align: center;\"><span style=\"font-size: 100%;\"><em>(Crafted from Northwest Wild Apples \u2013 Awakened in the Darlac Highlands)<\/em><\/span><\/p>\n<p>&nbsp;<\/p>\n<h2><strong>1. H\u00e0nh tr\u00ecnh t<\/strong><strong>\u1eeb<\/strong><strong> r<\/strong><strong>\u1eeb<\/strong><strong>ng n<\/strong><strong>\u00fa<\/strong><strong>i T<\/strong><strong>\u00e2<\/strong><strong>y B<\/strong><strong>\u1eaf<\/strong><strong>c <\/strong><strong>\u0111<\/strong><strong>\u1ebf<\/strong><strong>n cao nguy<\/strong><strong>\u00ea<\/strong><strong>n Darlac<\/strong><\/h2>\n<p>Gi\u1eefa nh\u1eefng s\u01b0\u1eddn n\u00fai quanh n\u0103m s\u01b0\u01a1ng ph\u1ee7 c\u1ee7a <strong>T\u00e2y B<\/strong><strong>\u1eaf<\/strong><strong>c Vi<\/strong><strong>\u1ec7<\/strong><strong>t Nam<\/strong>, n\u01a1i thi\u00ean nhi\u00ean hoang s\u01a1 v\u1eabn gi\u1eef nguy\u00ean h\u01a1i th\u1edf c\u1ee7a n\u00fai r\u1eebng, <strong>tr\u00e1i t\u00e1o m\u00e8o (wild apple)<\/strong> m\u1ecdc t\u1ef1 nhi\u00ean, h\u1ea5p thu tinh kh\u00ed c\u1ee7a \u0111\u1ea5t, s\u01b0\u01a1ng v\u00e0 n\u1eafng.<br \/>\nKhi \u0111\u1ea1t \u0111\u1ed9 ch\u00edn v\u00e0ng, t\u1eebng tr\u00e1i t\u00e1o \u0111\u01b0\u1ee3c thu h\u00e1i b\u1eb1ng tay, mang theo h\u01b0\u01a1ng r\u1eebng thanh khi\u1ebft, r\u1ed3i chuy\u1ec3n v\u1ec1 <strong>\u0110<\/strong><strong>\u1eaf<\/strong><strong>k L<\/strong><strong>\u1eaf<\/strong><strong>k<\/strong>, n\u01a1i <strong>The Ricky Distillery \u2013 HTX Darlac<\/strong> l\u01b0u gi\u1eef ngh\u1ec7 thu\u1eadt ch\u01b0ng c\u1ea5t truy\u1ec1n th\u1ed1ng gi\u1eefa l\u00f2ng cao nguy\u00ean.<\/p>\n<p>T\u1eeb cu\u1ed9c g\u1eb7p g\u1ee1 gi\u1eefa <strong>t\u00e1o r<\/strong><strong>\u1eeb<\/strong><strong>ng T<\/strong><strong>\u00e2<\/strong><strong>y B<\/strong><strong>\u1eaf<\/strong><strong>c<\/strong> v\u00e0 <strong>ngh<\/strong><strong>\u1ec7<\/strong><strong> nh<\/strong><strong>\u00e2<\/strong><strong>n ch<\/strong><strong>\u01b0<\/strong><strong>ng c<\/strong><strong>\u1ea5<\/strong><strong>t T<\/strong><strong>\u00e2<\/strong><strong>y Nguy<\/strong><strong>\u00ea<\/strong><strong>n<\/strong>, d\u00f2ng <strong>Darlac Wild Apple Liqueur<\/strong> ra \u0111\u1eddi \u2013 mang trong m\u00ecnh s\u1ef1 k\u1ebft n\u1ed1i gi\u1eefa hai mi\u1ec1n \u0111\u1ea5t, gi\u1eefa hoang d\u00e3 v\u00e0 tinh t\u1ebf, gi\u1eefa t\u1ef1 nhi\u00ean v\u00e0 con ng\u01b0\u1eddi.<\/p>\n<h2><strong>2. Ngh<\/strong><strong>\u1ec7<\/strong><strong> thu<\/strong><strong>\u1ead<\/strong><strong>t ch<\/strong><strong>\u01b0<\/strong><strong>ng c<\/strong><strong>\u1ea5<\/strong><strong>t <\/strong><strong>\u2013<\/strong><strong> Giai <\/strong><strong>\u0111<\/strong><strong>i<\/strong><strong>\u1ec7<\/strong><strong>u c<\/strong><strong>\u1ee7<\/strong><strong>a s<\/strong><strong>\u1ef1<\/strong><strong> h<\/strong><strong>\u00e0<\/strong><strong>i h<\/strong><strong>\u00f2<\/strong><strong>a<\/strong><\/h2>\n<p>Nh\u1eefng tr\u00e1i t\u00e1o r\u1eebng \u0111\u01b0\u1ee3c <strong>ng\u00e2m <\/strong><strong>\u1ee7<\/strong><strong> v<\/strong><strong>\u00e0<\/strong><strong> l<\/strong><strong>\u00ea<\/strong><strong>n men t<\/strong><strong>\u1ef1<\/strong><strong> nhi<\/strong><strong>\u00ea<\/strong><strong>n<\/strong>, sau \u0111\u00f3 c\u01b0\u1eddng h\u00f3a b\u1eb1ng r\u01b0\u1ee3u n\u1ec1n \u0111\u1ec3 kh\u00f3a qu\u00e1 tr\u00ecnh l\u00ean men \u1edf nhi\u1ec7t \u0111\u1ed9 th\u1ea5p nh\u1eb1m gi\u1eef nguy\u00ean tinh d\u1ea7u v\u00e0 v\u1ecb acid, ng\u1ecdt nh\u1eb9 \u0111\u1eb7c tr\u01b0ng.<\/p>\n<p>R\u01b0\u1ee3u n\u1ec1n \u0111\u01b0\u1ee3c ch\u01b0ng c\u1ea5t th\u1ee7 c\u00f4ng t\u1eeb ng\u0169 c\u1ed1c cao nguy\u00ean, r\u1ed3i <strong>k<\/strong><strong>\u1ebf<\/strong><strong>t h<\/strong><strong>\u1ee3<\/strong><strong>p c<\/strong><strong>\u00f9<\/strong><strong>ng d<\/strong><strong>\u1ecb<\/strong><strong>ch chi<\/strong><strong>\u1ebf<\/strong><strong>t t<\/strong><strong>\u00e1<\/strong><strong>o<\/strong> theo c\u00f4ng th\u1ee9c b\u00ed truy\u1ec1n c\u1ee7a <strong>The Ricky Distillery<\/strong>.<\/p>\n<p>Qu\u00e1 tr\u00ecnh \u1ee7 l\u1ea1nh trong nhi\u1ec1u tu\u1ea7n gi\u00fap r\u01b0\u1ee3u \u0111\u1ea1t \u0111\u01b0\u1ee3c <strong>\u0111<\/strong><strong>\u1ed9<\/strong><strong> trong su<\/strong><strong>\u1ed1<\/strong><strong>t, c<\/strong><strong>\u00e2<\/strong><strong>n b<\/strong><strong>\u1eb1<\/strong><strong>ng v<\/strong><strong>\u00e0<\/strong><strong> v<\/strong><strong>\u1ecb<\/strong><strong> m<\/strong><strong>\u1ec1<\/strong><strong>m m<\/strong><strong>\u01b0\u1ee3<\/strong><strong>t hi<\/strong><strong>\u1ebf<\/strong><strong>m c<\/strong><strong>\u00f3<\/strong>.<\/p>\n<p>T\u1eebng m\u1ebb \u0111\u01b0\u1ee3c ki\u1ec3m so\u00e1t nghi\u00eam ng\u1eb7t \u2013 t\u1eeb h\u01b0\u01a1ng, v\u1ecb \u0111\u1ebfn m\u00e0u s\u1eafc \u2013 \u0111\u1ec3 m\u1ed7i chai Wild Apple Liqueur \u0111\u1ec1u l\u00e0 m\u1ed9t <strong>t\u00e1c ph<\/strong><strong>\u1ea9<\/strong><strong>m th<\/strong><strong>\u1ee7<\/strong><strong> c<\/strong><strong>\u00f4<\/strong><strong>ng mang tinh th<\/strong><strong>\u1ea7<\/strong><strong>n t<\/strong><strong>\u1ef1<\/strong><strong> nhi<\/strong><strong>\u00ea<\/strong><strong>n v<\/strong><strong>\u00e0<\/strong><strong> ch<\/strong><strong>\u00ed<\/strong><strong>nh x<\/strong><strong>\u00e1<\/strong><strong>c.<\/strong><\/p>\n<h2><strong>3. H<\/strong><strong>\u01b0\u01a1<\/strong><strong>ng v<\/strong><strong>\u1ecb<\/strong><strong> c<\/strong><strong>\u1ee7<\/strong><strong>a thi<\/strong><strong>\u00ea<\/strong><strong>n nhi<\/strong><strong>\u00ea<\/strong><strong>n thu<\/strong><strong>\u1ea7<\/strong><strong>n khi<\/strong><strong>\u1ebf<\/strong><strong>t<\/strong><\/h2>\n<p>Khi r\u01b0\u1ee3u ch\u1ea1m m\u00f4i, <strong>v<\/strong><strong>\u1ecb<\/strong><strong> chua nh<\/strong><strong>\u1eb9<\/strong><strong> v<\/strong><strong>\u00e0<\/strong><strong> h<\/strong><strong>\u01b0\u01a1<\/strong><strong>ng t<\/strong><strong>\u00e1<\/strong><strong>o r<\/strong><strong>\u1eeb<\/strong><strong>ng thanh m<\/strong><strong>\u00e1<\/strong><strong>t<\/strong> m\u1edf \u0111\u1ea7u nh\u01b0 h\u01a1i s\u01b0\u01a1ng s\u1edbm tr\u00ean tri\u1ec1n n\u00fai.<\/p>\n<p>Ti\u1ebfp \u0111\u1ebfn l\u00e0 <strong>v<\/strong><strong>\u1ecb<\/strong><strong> ng<\/strong><strong>\u1ecd<\/strong><strong>t d<\/strong><strong>\u1ecb<\/strong><strong>u t<\/strong><strong>\u1ef1<\/strong><strong> nhi<\/strong><strong>\u00ea<\/strong><strong>n, h<\/strong><strong>\u00f2<\/strong><strong>a quy<\/strong><strong>\u1ec7<\/strong><strong>n c<\/strong><strong>\u00f9<\/strong><strong>ng m<\/strong><strong>\u1ead<\/strong><strong>t ong v<\/strong><strong>\u00e0<\/strong><strong> hoa d<\/strong><strong>\u1ea1<\/strong><strong>i<\/strong>, kh\u00e9p l\u1ea1i b\u1eb1ng h\u1eadu v\u1ecb <strong>\u1ea5<\/strong><strong>m, tinh t<\/strong><strong>\u1ebf<\/strong><strong> v<\/strong><strong>\u00e0<\/strong><strong> tho<\/strong><strong>\u1ea3<\/strong><strong>ng h<\/strong><strong>\u01b0\u01a1<\/strong><strong>ng g<\/strong><strong>\u1ed7<\/strong><strong> s<\/strong><strong>\u1ed3<\/strong><strong>i nh<\/strong><strong>\u1eb9<\/strong>.<br \/>\nH\u01b0\u01a1ng v\u1ecb \u1ea5y v\u1eeba <strong>g<\/strong><strong>\u1ee3<\/strong><strong>i c<\/strong><strong>\u1ea3<\/strong><strong>m gi<\/strong><strong>\u00e1<\/strong><strong>c hoang d<\/strong><strong>\u00e3<\/strong>, v\u1eeba <strong>gi<\/strong><strong>\u1eef<\/strong> <strong>\u0111<\/strong><strong>\u01b0\u1ee3<\/strong><strong>c n<\/strong><strong>\u00e9<\/strong><strong>t sang tr<\/strong><strong>\u1ecd<\/strong><strong>ng v<\/strong><strong>\u00e0<\/strong><strong> thanh tao<\/strong>, nh\u01b0 ch\u00ednh tinh th\u1ea7n c\u1ee7a \u0111\u1ea5t tr\u1eddi Vi\u1ec7t Nam \u2013 m\u1ea1nh m\u1ebd nh\u01b0ng \u0111\u1ea7y duy\u00ean d\u00e1ng.<\/p>\n<p>&nbsp;<\/p>\n<h2><strong>4. Tinh th<\/strong><strong>\u1ea7<\/strong><strong>n Darlac <\/strong><strong>\u2013<\/strong><strong> K<\/strong><strong>\u1ebf<\/strong><strong>t n<\/strong><strong>\u1ed1<\/strong><strong>i hai mi<\/strong><strong>\u1ec1<\/strong><strong>n, t<\/strong><strong>\u00f4<\/strong><strong>n vinh gi<\/strong><strong>\u00e1<\/strong><strong> tr<\/strong><strong>\u1ecb<\/strong><strong> Vi<\/strong><strong>\u1ec7<\/strong><strong>t<\/strong><\/h2>\n<p><strong>HTX Darlac<\/strong> kh\u00f4ng ch\u1ec9 l\u00e0m r\u01b0\u1ee3u, m\u00e0 c\u00f2n k\u1ec3 c\u00e2u chuy\u1ec7n v\u1ec1 <strong>s<\/strong><strong>\u1ef1<\/strong><strong> giao thoa gi<\/strong><strong>\u1eef<\/strong><strong>a n<\/strong><strong>\u00fa<\/strong><strong>i r<\/strong><strong>\u1eeb<\/strong><strong>ng T<\/strong><strong>\u00e2<\/strong><strong>y B<\/strong><strong>\u1eaf<\/strong><strong>c v<\/strong><strong>\u00e0<\/strong><strong> cao nguy<\/strong><strong>\u00ea<\/strong><strong>n <\/strong><strong>\u0110<\/strong><strong>\u1eaf<\/strong><strong>k L<\/strong><strong>\u1eaf<\/strong><strong>k<\/strong>.<br \/>\nNguy\u00ean li\u1ec7u \u0111\u01b0\u1ee3c thu mua tr\u1ef1c ti\u1ebfp t\u1eeb <strong>\u0111<\/strong><strong>\u1ed3<\/strong><strong>ng b<\/strong><strong>\u00e0<\/strong><strong>o v<\/strong><strong>\u00f9<\/strong><strong>ng cao<\/strong>, g\u00f3p ph\u1ea7n t\u1ea1o sinh k\u1ebf b\u1ec1n v\u1eefng; qu\u00e1 tr\u00ecnh s\u1ea3n xu\u1ea5t t\u1ea1i Darlac tu\u00e2n th\u1ee7 m\u00f4 h\u00ecnh <strong>th<\/strong><strong>\u1ee7<\/strong><strong> c<\/strong><strong>\u00f4<\/strong><strong>ng <\/strong><strong>\u2013<\/strong><strong> b<\/strong><strong>\u1ec1<\/strong><strong>n v<\/strong><strong>\u1eef<\/strong><strong>ng <\/strong><strong>\u2013<\/strong><strong> s<\/strong><strong>\u1ea1<\/strong><strong>ch<\/strong>, s\u1eed d\u1ee5ng <strong>ngu<\/strong><strong>\u1ed3<\/strong><strong>n n<\/strong><strong>\u01b0\u1edb<\/strong><strong>c cao nguy<\/strong><strong>\u00ea<\/strong><strong>n v<\/strong><strong>\u00e0<\/strong><strong> r<\/strong><strong>\u01b0\u1ee3<\/strong><strong>u n<\/strong><strong>\u1ec1<\/strong><strong>n tinh khi<\/strong><strong>\u1ebf<\/strong><strong>t<\/strong>.<\/p>\n<p>M\u1ed7i chai <strong>Darlac Wild Apple Liqueur<\/strong> v\u00ec th\u1ebf mang trong m\u00ecnh <strong>h<\/strong><strong>\u01a1<\/strong><strong>i th<\/strong><strong>\u1edf<\/strong><strong> c<\/strong><strong>\u1ee7<\/strong><strong>a hai v<\/strong><strong>\u00f9<\/strong><strong>ng <\/strong><strong>\u0111<\/strong><strong>\u1ea5<\/strong><strong>t Vi<\/strong><strong>\u1ec7<\/strong><strong>t Nam<\/strong>, l\u00e0 <strong>bi<\/strong><strong>\u1ec3<\/strong><strong>u t<\/strong><strong>\u01b0\u1ee3<\/strong><strong>ng c<\/strong><strong>\u1ee7<\/strong><strong>a s<\/strong><strong>\u1ef1<\/strong><strong> k<\/strong><strong>\u1ebf<\/strong><strong>t n<\/strong><strong>\u1ed1<\/strong><strong>i, s<\/strong><strong>\u00e1<\/strong><strong>ng t<\/strong><strong>\u1ea1<\/strong><strong>o v<\/strong><strong>\u00e0<\/strong><strong> t<\/strong><strong>\u1ef1<\/strong><strong> h<\/strong><strong>\u00e0<\/strong><strong>o d<\/strong><strong>\u00e2<\/strong><strong>n t<\/strong><strong>\u1ed9<\/strong><strong>c<\/strong>.<\/p>\n<h2><strong>5. H<\/strong><strong>\u1ed3<\/strong><strong>n r<\/strong><strong>\u01b0\u1ee3<\/strong><strong>u trong s<\/strong><strong>\u1eaf<\/strong><strong>c v<\/strong><strong>\u00e0<\/strong><strong>ng c<\/strong><strong>\u1ee7<\/strong><strong>a t<\/strong><strong>\u1ef1<\/strong><strong> nhi<\/strong><strong>\u00ea<\/strong><strong>n<\/strong><\/h2>\n<p><strong>Darlac Wild Apple Liqueur<\/strong> kh\u00f4ng ch\u1ec9 l\u00e0 r\u01b0\u1ee3u \u2013 m\u00e0 l\u00e0 <strong>tinh th<\/strong><strong>\u1ea7<\/strong><strong>n c<\/strong><strong>\u1ee7<\/strong><strong>a thi<\/strong><strong>\u00ea<\/strong><strong>n nhi<\/strong><strong>\u00ea<\/strong><strong>n <\/strong><strong>\u0111<\/strong><strong>\u01b0\u1ee3<\/strong><strong>c l<\/strong><strong>\u01b0<\/strong><strong>u gi<\/strong><strong>\u1eef<\/strong><strong> trong th<\/strong><strong>\u1ee7<\/strong><strong>y tinh<\/strong>.<\/p>\n<p>M\u1ed7i gi\u1ecdt r\u01b0\u1ee3u l\u00e0 c\u00e2u chuy\u1ec7n v\u1ec1 <strong>r<\/strong><strong>\u1eeb<\/strong><strong>ng n<\/strong><strong>\u00fa<\/strong><strong>i, con ng<\/strong><strong>\u01b0\u1edd<\/strong><strong>i, v<\/strong><strong>\u00e0<\/strong><strong> th<\/strong><strong>\u1edd<\/strong><strong>i gian<\/strong>, \u0111\u01b0\u1ee3c ch\u01b0ng c\u1ea5t, \u1ee7, v\u00e0 \u0111\u00e1nh th\u1ee9c b\u1eb1ng b\u00e0n tay Vi\u1ec7t.<\/p>\n<p>S\u1ea3n ph\u1ea9m \u0111\u1ea1i di\u1ec7n cho tri\u1ebft l\u00fd c\u1ee7a Darlac:<\/p>\n<p><em>\u201cCh<\/em><em>\u01b0<\/em><em>ng c<\/em><em>\u1ea5<\/em><em>t tinh hoa Vi<\/em><em>\u1ec7<\/em><em>t <\/em><em>\u2013<\/em><em> lan t<\/em><em>\u1ecf<\/em><em>a linh h<\/em><em>\u1ed3<\/em><em>n cao nguy<\/em><em>\u00ea<\/em><em>n.<\/em><em>\u201d<\/em><\/p>\n<p style=\"text-align: center;\"><strong>\u201cTinh t\u00fay hai mi<\/strong><strong>\u1ec1<\/strong><strong>n <\/strong><strong>\u2013<\/strong><strong> H<\/strong><strong>\u01b0\u01a1<\/strong><strong>ng v<\/strong><strong>\u1ecb<\/strong><strong> c<\/strong><strong>\u1ee7<\/strong><strong>a <\/strong><strong>\u0111<\/strong><strong>\u1ea1<\/strong><strong>i ng<\/strong><strong>\u00e0<\/strong><strong>n Vi<\/strong><strong>\u1ec7<\/strong><strong>t Nam.<\/strong><strong>\u201d<\/strong><\/p>\n","protected":false},"excerpt":{"rendered":"<table>\n<tbody>\n<tr>\n<td>DUNG T\u00cdCH<\/td>\n<td>N\u1ed2NG \u0110\u1ed8 C\u1ed2N<\/td>\n<td>QUY C\u00c1CH<\/td>\n<\/tr>\n<tr>\n<td>750ML<\/td>\n<td>22%<\/td>\n<td>\u0110\u00f3ng chai<\/td>\n<\/tr>\n<\/tbody>\n<\/table>\n","protected":false},"featured_media":440,"comment_status":"open","ping_status":"closed","template":"","meta":[],"product_brand":[],"product_cat":[19,20],"product_tag":[],"class_list":{"0":"post-434","1":"product","2":"type-product","3":"status-publish","4":"has-post-thumbnail","6":"product_cat-liqueur","7":"product_cat-ruou-dac-san","9":"first","10":"instock","11":"sale","12":"shipping-taxable","13":"purchasable","14":"product-type-simple"},"_links":{"self":[{"href":"https:\/\/demo.gmaxagency.com\/ricky\/wp-json\/wp\/v2\/product\/434","targetHints":{"allow":["GET"]}}],"collection":[{"href":"https:\/\/demo.gmaxagency.com\/ricky\/wp-json\/wp\/v2\/product"}],"about":[{"href":"https:\/\/demo.gmaxagency.com\/ricky\/wp-json\/wp\/v2\/types\/product"}],"replies":[{"embeddable":true,"href":"https:\/\/demo.gmaxagency.com\/ricky\/wp-json\/wp\/v2\/comments?post=434"}],"wp:featuredmedia":[{"embeddable":true,"href":"https:\/\/demo.gmaxagency.com\/ricky\/wp-json\/wp\/v2\/media\/440"}],"wp:attachment":[{"href":"https:\/\/demo.gmaxagency.com\/ricky\/wp-json\/wp\/v2\/media?parent=434"}],"wp:term":[{"taxonomy":"product_brand","embeddable":true,"href":"https:\/\/demo.gmaxagency.com\/ricky\/wp-json\/wp\/v2\/product_brand?post=434"},{"taxonomy":"product_cat","embeddable":true,"href":"https:\/\/demo.gmaxagency.com\/ricky\/wp-json\/wp\/v2\/product_cat?post=434"},{"taxonomy":"product_tag","embeddable":true,"href":"https:\/\/demo.gmaxagency.com\/ricky\/wp-json\/wp\/v2\/product_tag?post=434"}],"curies":[{"name":"wp","href":"https:\/\/api.w.org\/{rel}","templated":true}]}}