{"id":435,"date":"2025-10-29T09:13:55","date_gmt":"2025-10-29T09:13:55","guid":{"rendered":"https:\/\/demo.gmaxagency.com\/ricky\/?post_type=product&#038;p=435"},"modified":"2025-12-01T02:00:04","modified_gmt":"2025-12-01T02:00:04","slug":"ruou-1991-harmony-liqueur","status":"publish","type":"product","link":"https:\/\/demo.gmaxagency.com\/ricky\/san-pham\/ruou-1991-harmony-liqueur\/","title":{"rendered":"R\u01b0\u1ee3u 1991 Harmony Liqueur"},"content":{"rendered":"<p><strong>1991 Harmony Liqueur \u2013 HTX Ph\u1ed1 Y\u1ebfn<\/strong><\/p>\n<p>R\u01b0\u1ee3u 1991 Harmony Liqueur l\u00e0 m\u1ed9t tuy\u1ec7t ph\u1ea9m t\u1eeb HTX Ph\u1ed1 Y\u1ebfn, \u0111\u01b0\u1ee3c t\u1ea1o n\u00ean t\u1eeb s\u1ef1 k\u1ebft h\u1ee3p tinh t\u1ebf gi\u1eefa ngh\u1ec7 thu\u1eadt \u1ee7 r\u01b0\u1ee3u v\u00e0 nh\u1eefng nguy\u00ean li\u1ec7u th\u01b0\u1ee3ng h\u1ea1ng. D\u00f2ng liqueur n\u00e0y \u0111\u01b0\u1ee3c \u1ee7 trong nh\u1eefng th\u00f9ng g\u1ed7 s\u1ed3i m\u1edbi, n\u01a1i h\u01b0\u01a1ng v\u1ecb \u0111\u01b0\u1ee3c th\u1ea9m th\u1ea5u s\u00e2u, h\u00f2a quy\u1ec7n c\u00f9ng h\u1ea1t c\u00e0 ph\u00ea Arabica tuy\u1ec3n l\u1ef1a k\u1ef9 l\u01b0\u1ee1ng, mang \u0111\u1ebfn m\u1ed9t tr\u1ea3i nghi\u1ec7m \u0111\u1ed9c \u0111\u00e1o v\u00e0 \u0111\u1eadm ch\u1ea5t ri\u00eang. M\u1ed7i gi\u1ecdt r\u01b0\u1ee3u l\u00e0 b\u1ea3n giao h\u01b0\u1edfng c\u1ee7a c\u00e1c n\u1ed1t h\u01b0\u01a1ng quy\u1ebfn r\u0169: m\u00f9i m\u1eadn ch\u00edn ng\u1ecdt ng\u00e0o, tho\u1ea3ng ch\u00fat h\u01b0\u01a1ng tr\u00e1i c\u00e2y kh\u00f4 \u0111\u1eadm \u0111\u00e0, v\u1ecb ng\u1ecdt d\u1ecbu d\u00e0ng c\u1ee7a m\u1eadt ong, t\u1ea5t c\u1ea3 \u0111\u01b0\u1ee3c bao b\u1ecdc b\u1edfi h\u01b0\u01a1ng g\u1ed7 s\u1ed3i tr\u1ea7m \u1ea5m, t\u1ea1o n\u00ean s\u1ef1 c\u00e2n b\u1eb1ng ho\u00e0n h\u1ea3o.<\/p>\n<p>T\u00ean g\u1ecdi \u201c1991\u201d g\u1ee3i l\u00ean d\u1ea5u \u1ea5n c\u1ee7a s\u1ef1 tr\u01b0\u1eddng t\u1ed3n v\u00e0 tinh t\u1ebf, trong khi \u201cHarmony\u201d th\u1ec3 hi\u1ec7n s\u1ef1 h\u00f2a quy\u1ec7n tuy\u1ec7t v\u1eddi gi\u1eefa c\u00e1c t\u1ea7ng h\u01b0\u01a1ng v\u1ecb. Qu\u00e1 tr\u00ecnh \u1ee7 trong th\u00f9ng s\u1ed3i m\u1edbi kh\u00f4ng ch\u1ec9 l\u00e0m n\u1ed5i b\u1eadt h\u01b0\u01a1ng th\u01a1m phong ph\u00fa m\u00e0 c\u00f2n mang l\u1ea1i s\u1eafc m\u00e0u h\u1ed5 ph\u00e1ch \u00f3ng \u00e1nh, \u0111\u1ea7y cu\u1ed1n h\u00fat. H\u1ea1t c\u00e0 ph\u00ea Arabica, v\u1edbi \u0111\u1eb7c tr\u01b0ng th\u01a1m l\u1eebng v\u00e0 s\u00e2u l\u1eafng, ch\u00ednh l\u00e0 linh h\u1ed3n c\u1ee7a 1991 Harmony Liqueur, \u0111\u01b0a ng\u01b0\u1eddi th\u01b0\u1edfng th\u1ee9c v\u00e0o m\u1ed9t h\u00e0nh tr\u00ecnh v\u1ecb gi\u00e1c \u0111a chi\u1ec1u \u2013 t\u1eeb ng\u1ecdt ng\u00e0o, \u0111\u1eadm \u0111\u00e0 \u0111\u1ebfn \u1ea5m \u00e1p, l\u01b0u luy\u1ebfn.<\/p>\n<p>D\u00e0nh cho nh\u1eefng ai y\u00eau th\u00edch s\u1ef1 tinh t\u1ebf v\u00e0 kh\u00e1c bi\u1ec7t, 1991 Harmony Liqueur kh\u00f4ng ch\u1ec9 l\u00e0 m\u1ed9t lo\u1ea1i r\u01b0\u1ee3u m\u00f9i m\u00e0 c\u00f2n l\u00e0 m\u1ed9t t\u00e1c ph\u1ea9m ngh\u1ec7 thu\u1eadt, n\u01a1i h\u01b0\u01a1ng v\u1ecb c\u00e0 ph\u00ea Arabica h\u00f2a c\u00f9ng g\u1ed7 s\u1ed3i v\u00e0 m\u1eadt ong t\u1ea1o n\u00ean d\u1ea5u \u1ea5n kh\u00f3 qu\u00ean. HTX Ph\u1ed1 Y\u1ebfn t\u1ef1 h\u00e0o mang \u0111\u1ebfn d\u00f2ng liqueur n\u00e0y nh\u01b0 m\u1ed9t minh ch\u1ee9ng cho s\u1ef1 s\u00e1ng t\u1ea1o v\u00e0 cam k\u1ebft ch\u1ea5t l\u01b0\u1ee3ng, n\u00e2ng t\u1ea7m tinh hoa thi\u00ean nhi\u00ean th\u00e0nh tr\u1ea3i nghi\u1ec7m \u0111\u1eb3ng c\u1ea5p.<br \/>\n<img decoding=\"async\" class=\"lazy-load-active\" src=\"http:\/\/htxphoyen.com.vn\/wp-content\/uploads\/2025\/02\/z6331313673612_43c53becf5f0beaec2c46d116fb40a05.jpg\" alt=\"\" data-src=\"http:\/\/htxphoyen.com.vn\/wp-content\/uploads\/2025\/02\/z6331313673612_43c53becf5f0beaec2c46d116fb40a05.jpg\" \/><\/p>\n<p><strong>H\u01b0\u01a1ng V\u1ecb \u0110\u1ed9c \u0110\u00e1o V\u00e0 M\u01b0\u1ee3t M\u00e0<\/strong><\/p>\n<p>Khi th\u01b0\u1edfng th\u1ee9c 1991 Harmony Liqueur, b\u1ea1n s\u1ebd c\u1ea3m nh\u1eadn \u0111\u01b0\u1ee3c s\u1ef1 k\u1ebft h\u1ee3p nh\u1eb9 nh\u00e0ng gi\u1eefa v\u1ecb ng\u1ecdt t\u1ef1 nhi\u00ean c\u1ee7a tr\u00e1i c\u00e2y v\u00e0 m\u1ed9t ch\u00fat cay n\u1ed3ng t\u1eeb gia v\u1ecb. H\u01b0\u01a1ng th\u01a1m nh\u1eb9 nh\u00e0ng, thanh tho\u00e1t nh\u01b0ng l\u1ea1i r\u1ea5t quy\u1ebfn r\u0169, t\u1ea1o n\u00ean m\u1ed9t tr\u1ea3i nghi\u1ec7m th\u01b0\u1edfng th\u1ee9c \u00eam \u00e1i v\u00e0 d\u1ec5 ch\u1ecbu. M\u1ed9t ch\u00fat h\u01b0\u01a1ng vani, m\u1ed9t \u00edt h\u01b0\u01a1ng hoa nh\u1eb9 nh\u00e0ng, c\u1ed9ng th\u00eam s\u1ef1 \u1ea5m \u00e1p c\u1ee7a gia v\u1ecb t\u1ea1o n\u00ean m\u1ed9t t\u1ed5ng th\u1ec3 ho\u00e0n h\u1ea3o, \u0111\u1ec3 l\u1ea1i d\u01b0 v\u1ecb l\u00e2u d\u00e0i, ng\u1ecdt ng\u00e0o v\u00e0 \u0111\u1ea7y quy\u1ebfn r\u0169.<\/p>\n<p><strong>L\u00fd T\u01b0\u1edfng Cho Nh\u1eefng D\u1ecbp Th\u01b0\u1edfng Th\u1ee9c Tinh T\u1ebf<\/strong><\/p>\n<p>1991 Harmony Liqueur l\u00e0 s\u1ef1 l\u1ef1a ch\u1ecdn l\u00fd t\u01b0\u1edfng cho nh\u1eefng d\u1ecbp th\u01b0 gi\u00e3n, nh\u1eefng bu\u1ed5i ti\u1ec7c nh\u1eb9 nh\u00e0ng hay \u0111\u01a1n gi\u1ea3n l\u00e0 \u0111\u1ec3 th\u01b0\u1edfng th\u1ee9c m\u1ed9t m\u00ecnh trong nh\u1eefng kho\u1ea3nh kh\u1eafc t\u0129nh l\u1eb7ng. V\u1edbi h\u01b0\u01a1ng v\u1ecb tinh t\u1ebf v\u00e0 s\u1ef1 pha tr\u1ed9n ho\u00e0n h\u1ea3o gi\u1eefa c\u00e1c y\u1ebfu t\u1ed1 t\u1ef1 nhi\u00ean, chai liqueur n\u00e0y d\u1ec5 d\u00e0ng chinh ph\u1ee5c nh\u1eefng ng\u01b0\u1eddi s\u00e0nh r\u01b0\u1ee3u, \u0111\u1ed3ng th\u1eddi mang \u0111\u1ebfn m\u1ed9t tr\u1ea3i nghi\u1ec7m th\u01b0\u1edfng th\u1ee9c tuy\u1ec7t v\u1eddi.<br \/>\n<img decoding=\"async\" class=\"lazy-load-active\" src=\"http:\/\/htxphoyen.com.vn\/wp-content\/uploads\/2025\/02\/z6331313673617_5f9f6cb3e256740bd6ff5a15847b1d6d-scaled.jpg\" alt=\"\" data-src=\"http:\/\/htxphoyen.com.vn\/wp-content\/uploads\/2025\/02\/z6331313673617_5f9f6cb3e256740bd6ff5a15847b1d6d-scaled.jpg\" \/><\/p>\n<p>Kh\u00f4ng ch\u1ec9 l\u00e0 m\u1ed9t lo\u1ea1i r\u01b0\u1ee3u m\u00f9i, 1991 Harmony Liqueur c\u00f2n l\u00e0 m\u1ed9t m\u00f3n qu\u00e0 ho\u00e0n h\u1ea3o \u0111\u1ec3 d\u00e0nh t\u1eb7ng ng\u01b0\u1eddi th\u00e2n, b\u1ea1n b\u00e8 trong nh\u1eefng d\u1ecbp \u0111\u1eb7c bi\u1ec7t. S\u1ef1 tinh t\u1ebf trong t\u1eebng gi\u1ecdt r\u01b0\u1ee3u l\u00e0 m\u00f3n qu\u00e0 \u0111\u1ea7y \u00fd ngh\u0129a cho nh\u1eefng ai y\u00eau th\u00edch s\u1ef1 h\u00e0i h\u00f2a v\u00e0 l\u00e3ng m\u1ea1n trong cu\u1ed9c s\u1ed1ng.<\/p>\n","protected":false},"excerpt":{"rendered":"<table>\n<tbody>\n<tr>\n<td>DUNG T\u00cdCH<\/td>\n<td>N\u1ed2NG \u0110\u1ed8 C\u1ed2N<\/td>\n<td>QUY C\u00c1CH<\/td>\n<\/tr>\n<tr>\n<td>700ML<\/td>\n<td>31%<\/td>\n<td>\u0110\u00f3ng chai, c\u00f3 h\u1ed9p<\/td>\n<\/tr>\n<\/tbody>\n<\/table>\n","protected":false},"featured_media":439,"comment_status":"open","ping_status":"closed","template":"","meta":[],"product_brand":[],"product_cat":[19],"product_tag":[],"class_list":{"0":"post-435","1":"product","2":"type-product","3":"status-publish","4":"has-post-thumbnail","6":"product_cat-liqueur","8":"first","9":"instock","10":"sale","11":"shipping-taxable","12":"purchasable","13":"product-type-simple"},"_links":{"self":[{"href":"https:\/\/demo.gmaxagency.com\/ricky\/wp-json\/wp\/v2\/product\/435","targetHints":{"allow":["GET"]}}],"collection":[{"href":"https:\/\/demo.gmaxagency.com\/ricky\/wp-json\/wp\/v2\/product"}],"about":[{"href":"https:\/\/demo.gmaxagency.com\/ricky\/wp-json\/wp\/v2\/types\/product"}],"replies":[{"embeddable":true,"href":"https:\/\/demo.gmaxagency.com\/ricky\/wp-json\/wp\/v2\/comments?post=435"}],"wp:featuredmedia":[{"embeddable":true,"href":"https:\/\/demo.gmaxagency.com\/ricky\/wp-json\/wp\/v2\/media\/439"}],"wp:attachment":[{"href":"https:\/\/demo.gmaxagency.com\/ricky\/wp-json\/wp\/v2\/media?parent=435"}],"wp:term":[{"taxonomy":"product_brand","embeddable":true,"href":"https:\/\/demo.gmaxagency.com\/ricky\/wp-json\/wp\/v2\/product_brand?post=435"},{"taxonomy":"product_cat","embeddable":true,"href":"https:\/\/demo.gmaxagency.com\/ricky\/wp-json\/wp\/v2\/product_cat?post=435"},{"taxonomy":"product_tag","embeddable":true,"href":"https:\/\/demo.gmaxagency.com\/ricky\/wp-json\/wp\/v2\/product_tag?post=435"}],"curies":[{"name":"wp","href":"https:\/\/api.w.org\/{rel}","templated":true}]}}